{"id":838,"date":"2022-03-03T09:21:18","date_gmt":"2022-03-03T07:21:18","guid":{"rendered":"https:\/\/cape.fi\/?page_id=838"},"modified":"2022-03-08T08:06:27","modified_gmt":"2022-03-08T06:06:27","slug":"toihin-meille","status":"publish","type":"page","link":"https:\/\/cape.fi\/fi\/toihin-meille\/","title":{"rendered":"T\u00f6ihin meille"},"content":{"rendered":"\n<h4 class=\"wp-block-heading\">Haemme taloushallinnon- ja palkanlaskennan konsultteja koko- ja osa-aikaisiin ty\u00f6suhteisiin.<\/h4>\n\n\n\n<p>Ty\u00f6skentelemme monipuolissa taloushallinnon ja palkanlaskennan teht\u00e4viss\u00e4 yhteisty\u00f6ss\u00e4 asiakkaidemme kanssa ja sitoudumme tarjoamaan yksil\u00f6llist\u00e4 palvelua. Kehit\u00e4mme jatkuvasti ty\u00f6menetelmi\u00e4mme ja odotamme sinulta aktiivisuutta sek\u00e4 positiivista asennetta kehitykselle. Arvostamme sitoutumista ja hyvi\u00e4 vuorovaikutustaitoja. Ty\u00f6 on itsen\u00e4ist\u00e4, mutta kannustavassa ja tukevassa ty\u00f6yhteis\u00f6ss\u00e4.<\/p>\n\n\n\n<p>Tarjoamme asiakkaillemme kokonaisvaltaista s\u00e4hk\u00f6ist\u00e4 taloushallintoa sek\u00e4 liiketoiminnan kehityst\u00e4, tavoitteenamme on tuottaa \u00e4lykk\u00e4it\u00e4 ja tehokkaita palveluja. Ty\u00f6skentelemme nykyaikaisilla ratkaisulla asiakkaidemme kanssa, joita l\u00f6ytyy koko maan alueelta sek\u00e4 l\u00e4himmist\u00e4 naapurimaista.<\/p>\n\n\n\n<p>Ty\u00f6teht\u00e4v\u00e4t koostuvat p\u00e4\u00e4osin kirjanpidosta, reskontran hoidosta, neuvontapalvelusta ja mahdollisesti palkanlaskennasta. Toivomme, ett\u00e4 sinulla on kokemusta vastaavista ty\u00f6teht\u00e4vist\u00e4 sek\u00e4 sujuvaa ruotsin, suomen ja englannin kielen taitoa.<\/p>\n\n\n\n<p>Odotamme hakemustasi palkkatoiveineen s\u00e4hk\u00f6postitse <a href=\"mailto:sara.laine@cape.fi\">sara.laine@cape.fi<\/a>. Kysymyksiin vastaa Sara Laine, puh. 044&nbsp;788 7608.<\/p>\n","protected":false},"excerpt":{"rendered":"<p>Haemme taloushallinnon- ja palkanlaskennan konsultteja koko- ja osa-aikaisiin ty\u00f6suhteisiin. Ty\u00f6skentelemme monipuolissa taloushallinnon ja palkanlaskennan teht\u00e4viss\u00e4 yhteisty\u00f6ss\u00e4 asiakkaidemme kanssa ja sitoudumme tarjoamaan yksil\u00f6llist\u00e4 palvelua. Kehit\u00e4mme jatkuvasti ty\u00f6menetelmi\u00e4mme ja odotamme sinulta aktiivisuutta<span class=\"more-button\"><a href=\"https:\/\/cape.fi\/fi\/toihin-meille\/\" class=\"more-link\">Continue reading<span class=\"screen-reader-text\">T\u00f6ihin meille<\/span><\/a><\/span><\/p>\n","protected":false},"author":1,"featured_media":715,"parent":0,"menu_order":0,"comment_status":"closed","ping_status":"closed","template":"templates\/no-sidebar.php","meta":{"footnotes":""},"class_list":["post-838","page","type-page","status-publish","has-post-thumbnail","hentry"],"yoast_head":"<!-- This site is optimized with the Yoast SEO plugin v27.4 - https:\/\/yoast.com\/product\/yoast-seo-wordpress\/ -->\n<title>T\u00f6ihin meille - Cape Economy<\/title>\n<meta name=\"robots\" content=\"index, follow, max-snippet:-1, max-image-preview:large, max-video-preview:-1\" \/>\n<link rel=\"canonical\" href=\"https:\/\/cape.fi\/fi\/toihin-meille\/\" \/>\n<meta property=\"og:locale\" content=\"fi_FI\" \/>\n<meta property=\"og:type\" content=\"article\" \/>\n<meta property=\"og:title\" content=\"T\u00f6ihin meille - Cape Economy\" \/>\n<meta property=\"og:description\" content=\"Haemme taloushallinnon- ja palkanlaskennan konsultteja koko- ja osa-aikaisiin ty\u00f6suhteisiin. Ty\u00f6skentelemme monipuolissa taloushallinnon ja palkanlaskennan teht\u00e4viss\u00e4 yhteisty\u00f6ss\u00e4 asiakkaidemme kanssa ja sitoudumme tarjoamaan yksil\u00f6llist\u00e4 palvelua. Kehit\u00e4mme jatkuvasti ty\u00f6menetelmi\u00e4mme ja odotamme sinulta aktiivisuuttaContinue readingT\u00f6ihin meille\" \/>\n<meta property=\"og:url\" content=\"https:\/\/cape.fi\/fi\/toihin-meille\/\" \/>\n<meta property=\"og:site_name\" content=\"Cape Economy\" \/>\n<meta property=\"article:modified_time\" content=\"2022-03-08T06:06:27+00:00\" \/>\n<meta property=\"og:image\" content=\"https:\/\/cape.fi\/wp-content\/uploads\/2021\/08\/header_2.jpg\" \/>\n\t<meta property=\"og:image:width\" content=\"1920\" \/>\n\t<meta property=\"og:image:height\" content=\"600\" \/>\n\t<meta property=\"og:image:type\" content=\"image\/jpeg\" \/>\n<meta name=\"twitter:card\" content=\"summary_large_image\" \/>\n<meta name=\"twitter:label1\" content=\"Arvioitu lukuaika\" \/>\n\t<meta name=\"twitter:data1\" content=\"1 minuutti\" \/>\n<script type=\"application\/ld+json\" class=\"yoast-schema-graph\">{\"@context\":\"https:\\\/\\\/schema.org\",\"@graph\":[{\"@type\":\"WebPage\",\"@id\":\"https:\\\/\\\/cape.fi\\\/fi\\\/toihin-meille\\\/\",\"url\":\"https:\\\/\\\/cape.fi\\\/fi\\\/toihin-meille\\\/\",\"name\":\"T\u00f6ihin meille - Cape Economy\",\"isPartOf\":{\"@id\":\"https:\\\/\\\/cape.fi\\\/fi\\\/#website\"},\"primaryImageOfPage\":{\"@id\":\"https:\\\/\\\/cape.fi\\\/fi\\\/toihin-meille\\\/#primaryimage\"},\"image\":{\"@id\":\"https:\\\/\\\/cape.fi\\\/fi\\\/toihin-meille\\\/#primaryimage\"},\"thumbnailUrl\":\"https:\\\/\\\/cape.fi\\\/wp-content\\\/uploads\\\/2021\\\/08\\\/header_2.jpg\",\"datePublished\":\"2022-03-03T07:21:18+00:00\",\"dateModified\":\"2022-03-08T06:06:27+00:00\",\"breadcrumb\":{\"@id\":\"https:\\\/\\\/cape.fi\\\/fi\\\/toihin-meille\\\/#breadcrumb\"},\"inLanguage\":\"fi\",\"potentialAction\":[{\"@type\":\"ReadAction\",\"target\":[\"https:\\\/\\\/cape.fi\\\/fi\\\/toihin-meille\\\/\"]}]},{\"@type\":\"ImageObject\",\"inLanguage\":\"fi\",\"@id\":\"https:\\\/\\\/cape.fi\\\/fi\\\/toihin-meille\\\/#primaryimage\",\"url\":\"https:\\\/\\\/cape.fi\\\/wp-content\\\/uploads\\\/2021\\\/08\\\/header_2.jpg\",\"contentUrl\":\"https:\\\/\\\/cape.fi\\\/wp-content\\\/uploads\\\/2021\\\/08\\\/header_2.jpg\",\"width\":1920,\"height\":600},{\"@type\":\"BreadcrumbList\",\"@id\":\"https:\\\/\\\/cape.fi\\\/fi\\\/toihin-meille\\\/#breadcrumb\",\"itemListElement\":[{\"@type\":\"ListItem\",\"position\":1,\"name\":\"Home\",\"item\":\"https:\\\/\\\/cape.fi\\\/fi\\\/\"},{\"@type\":\"ListItem\",\"position\":2,\"name\":\"T\u00f6ihin meille\"}]},{\"@type\":\"WebSite\",\"@id\":\"https:\\\/\\\/cape.fi\\\/fi\\\/#website\",\"url\":\"https:\\\/\\\/cape.fi\\\/fi\\\/\",\"name\":\"Cape Economy\",\"description\":\"V\u00e4lkommen till Cape Economy\",\"publisher\":{\"@id\":\"https:\\\/\\\/cape.fi\\\/fi\\\/#organization\"},\"potentialAction\":[{\"@type\":\"SearchAction\",\"target\":{\"@type\":\"EntryPoint\",\"urlTemplate\":\"https:\\\/\\\/cape.fi\\\/fi\\\/?s={search_term_string}\"},\"query-input\":{\"@type\":\"PropertyValueSpecification\",\"valueRequired\":true,\"valueName\":\"search_term_string\"}}],\"inLanguage\":\"fi\"},{\"@type\":\"Organization\",\"@id\":\"https:\\\/\\\/cape.fi\\\/fi\\\/#organization\",\"name\":\"Cape Economy Oy Ab\",\"url\":\"https:\\\/\\\/cape.fi\\\/fi\\\/\",\"logo\":{\"@type\":\"ImageObject\",\"inLanguage\":\"fi\",\"@id\":\"https:\\\/\\\/cape.fi\\\/fi\\\/#\\\/schema\\\/logo\\\/image\\\/\",\"url\":\"https:\\\/\\\/cape.fi\\\/wp-content\\\/uploads\\\/2020\\\/12\\\/cape_stor.png\",\"contentUrl\":\"https:\\\/\\\/cape.fi\\\/wp-content\\\/uploads\\\/2020\\\/12\\\/cape_stor.png\",\"width\":500,\"height\":223,\"caption\":\"Cape Economy Oy Ab\"},\"image\":{\"@id\":\"https:\\\/\\\/cape.fi\\\/fi\\\/#\\\/schema\\\/logo\\\/image\\\/\"}}]}<\/script>\n<!-- \/ Yoast SEO plugin. -->","yoast_head_json":{"title":"T\u00f6ihin meille - Cape Economy","robots":{"index":"index","follow":"follow","max-snippet":"max-snippet:-1","max-image-preview":"max-image-preview:large","max-video-preview":"max-video-preview:-1"},"canonical":"https:\/\/cape.fi\/fi\/toihin-meille\/","og_locale":"fi_FI","og_type":"article","og_title":"T\u00f6ihin meille - Cape Economy","og_description":"Haemme taloushallinnon- ja palkanlaskennan konsultteja koko- ja osa-aikaisiin ty\u00f6suhteisiin. Ty\u00f6skentelemme monipuolissa taloushallinnon ja palkanlaskennan teht\u00e4viss\u00e4 yhteisty\u00f6ss\u00e4 asiakkaidemme kanssa ja sitoudumme tarjoamaan yksil\u00f6llist\u00e4 palvelua. Kehit\u00e4mme jatkuvasti ty\u00f6menetelmi\u00e4mme ja odotamme sinulta aktiivisuuttaContinue readingT\u00f6ihin meille","og_url":"https:\/\/cape.fi\/fi\/toihin-meille\/","og_site_name":"Cape Economy","article_modified_time":"2022-03-08T06:06:27+00:00","og_image":[{"width":1920,"height":600,"url":"https:\/\/cape.fi\/wp-content\/uploads\/2021\/08\/header_2.jpg","type":"image\/jpeg"}],"twitter_card":"summary_large_image","twitter_misc":{"Arvioitu lukuaika":"1 minuutti"},"schema":{"@context":"https:\/\/schema.org","@graph":[{"@type":"WebPage","@id":"https:\/\/cape.fi\/fi\/toihin-meille\/","url":"https:\/\/cape.fi\/fi\/toihin-meille\/","name":"T\u00f6ihin meille - Cape Economy","isPartOf":{"@id":"https:\/\/cape.fi\/fi\/#website"},"primaryImageOfPage":{"@id":"https:\/\/cape.fi\/fi\/toihin-meille\/#primaryimage"},"image":{"@id":"https:\/\/cape.fi\/fi\/toihin-meille\/#primaryimage"},"thumbnailUrl":"https:\/\/cape.fi\/wp-content\/uploads\/2021\/08\/header_2.jpg","datePublished":"2022-03-03T07:21:18+00:00","dateModified":"2022-03-08T06:06:27+00:00","breadcrumb":{"@id":"https:\/\/cape.fi\/fi\/toihin-meille\/#breadcrumb"},"inLanguage":"fi","potentialAction":[{"@type":"ReadAction","target":["https:\/\/cape.fi\/fi\/toihin-meille\/"]}]},{"@type":"ImageObject","inLanguage":"fi","@id":"https:\/\/cape.fi\/fi\/toihin-meille\/#primaryimage","url":"https:\/\/cape.fi\/wp-content\/uploads\/2021\/08\/header_2.jpg","contentUrl":"https:\/\/cape.fi\/wp-content\/uploads\/2021\/08\/header_2.jpg","width":1920,"height":600},{"@type":"BreadcrumbList","@id":"https:\/\/cape.fi\/fi\/toihin-meille\/#breadcrumb","itemListElement":[{"@type":"ListItem","position":1,"name":"Home","item":"https:\/\/cape.fi\/fi\/"},{"@type":"ListItem","position":2,"name":"T\u00f6ihin meille"}]},{"@type":"WebSite","@id":"https:\/\/cape.fi\/fi\/#website","url":"https:\/\/cape.fi\/fi\/","name":"Cape Economy","description":"V\u00e4lkommen till Cape Economy","publisher":{"@id":"https:\/\/cape.fi\/fi\/#organization"},"potentialAction":[{"@type":"SearchAction","target":{"@type":"EntryPoint","urlTemplate":"https:\/\/cape.fi\/fi\/?s={search_term_string}"},"query-input":{"@type":"PropertyValueSpecification","valueRequired":true,"valueName":"search_term_string"}}],"inLanguage":"fi"},{"@type":"Organization","@id":"https:\/\/cape.fi\/fi\/#organization","name":"Cape Economy Oy Ab","url":"https:\/\/cape.fi\/fi\/","logo":{"@type":"ImageObject","inLanguage":"fi","@id":"https:\/\/cape.fi\/fi\/#\/schema\/logo\/image\/","url":"https:\/\/cape.fi\/wp-content\/uploads\/2020\/12\/cape_stor.png","contentUrl":"https:\/\/cape.fi\/wp-content\/uploads\/2020\/12\/cape_stor.png","width":500,"height":223,"caption":"Cape Economy Oy Ab"},"image":{"@id":"https:\/\/cape.fi\/fi\/#\/schema\/logo\/image\/"}}]}},"_links":{"self":[{"href":"https:\/\/cape.fi\/fi\/wp-json\/wp\/v2\/pages\/838","targetHints":{"allow":["GET"]}}],"collection":[{"href":"https:\/\/cape.fi\/fi\/wp-json\/wp\/v2\/pages"}],"about":[{"href":"https:\/\/cape.fi\/fi\/wp-json\/wp\/v2\/types\/page"}],"author":[{"embeddable":true,"href":"https:\/\/cape.fi\/fi\/wp-json\/wp\/v2\/users\/1"}],"replies":[{"embeddable":true,"href":"https:\/\/cape.fi\/fi\/wp-json\/wp\/v2\/comments?post=838"}],"version-history":[{"count":2,"href":"https:\/\/cape.fi\/fi\/wp-json\/wp\/v2\/pages\/838\/revisions"}],"predecessor-version":[{"id":845,"href":"https:\/\/cape.fi\/fi\/wp-json\/wp\/v2\/pages\/838\/revisions\/845"}],"wp:featuredmedia":[{"embeddable":true,"href":"https:\/\/cape.fi\/fi\/wp-json\/wp\/v2\/media\/715"}],"wp:attachment":[{"href":"https:\/\/cape.fi\/fi\/wp-json\/wp\/v2\/media?parent=838"}],"curies":[{"name":"wp","href":"https:\/\/api.w.org\/{rel}","templated":true}]}}