{"id":562,"date":"2021-08-17T21:14:11","date_gmt":"2021-08-17T18:14:11","guid":{"rendered":"https:\/\/cape.fi\/?page_id=562"},"modified":"2026-03-03T11:39:20","modified_gmt":"2026-03-03T09:39:20","slug":"tama-on-cape-economy","status":"publish","type":"page","link":"https:\/\/cape.fi\/fi\/","title":{"rendered":"T\u00e4m\u00e4 on Cape Economy"},"content":{"rendered":"\n<h3 class=\"wp-block-heading has-text-align-center\">T\u00e4m\u00e4 on Cape Economy<\/h3>\n\n\n\n<div class=\"wp-block-columns is-layout-flex wp-container-core-columns-is-layout-9d6595d7 wp-block-columns-is-layout-flex\">\n<div class=\"wp-block-column is-layout-flow wp-block-column-is-layout-flow\">\n<figure class=\"wp-block-image size-full\"><img loading=\"lazy\" decoding=\"async\" width=\"350\" height=\"466\" src=\"https:\/\/cape.fi\/wp-content\/uploads\/2026\/03\/Axel_2026_2.jpg\" alt=\"\" class=\"wp-image-1098\" srcset=\"https:\/\/cape.fi\/wp-content\/uploads\/2026\/03\/Axel_2026_2.jpg 350w, https:\/\/cape.fi\/wp-content\/uploads\/2026\/03\/Axel_2026_2-225x300.jpg 225w\" sizes=\"auto, (max-width: 350px) 100vw, 350px\" \/><figcaption class=\"wp-element-caption\"><strong>AXEL ENBERG<\/strong><br>Toimitusjohtaja<\/figcaption><\/figure>\n<\/div>\n\n\n\n<div class=\"wp-block-column is-layout-flow wp-block-column-is-layout-flow\">\n<figure class=\"wp-block-image size-full\"><img loading=\"lazy\" decoding=\"async\" width=\"350\" height=\"466\" src=\"https:\/\/cape.fi\/wp-content\/uploads\/2023\/10\/Linda_2023.jpg\" alt=\"\" class=\"wp-image-922\" srcset=\"https:\/\/cape.fi\/wp-content\/uploads\/2023\/10\/Linda_2023.jpg 350w, https:\/\/cape.fi\/wp-content\/uploads\/2023\/10\/Linda_2023-225x300.jpg 225w\" sizes=\"auto, (max-width: 350px) 100vw, 350px\" \/><figcaption class=\"wp-element-caption\"><strong>LINDA WESTERLUND<br><\/strong>Tarjouspyynn\u00f6t ja myynti, taloushallinto<\/figcaption><\/figure>\n<\/div>\n\n\n\n<div class=\"wp-block-column is-layout-flow wp-block-column-is-layout-flow\">\n<figure class=\"wp-block-image size-full\"><img loading=\"lazy\" decoding=\"async\" width=\"350\" height=\"466\" src=\"https:\/\/cape.fi\/wp-content\/uploads\/2023\/10\/Anna_2023.jpg\" alt=\"\" class=\"wp-image-909\" srcset=\"https:\/\/cape.fi\/wp-content\/uploads\/2023\/10\/Anna_2023.jpg 350w, https:\/\/cape.fi\/wp-content\/uploads\/2023\/10\/Anna_2023-225x300.jpg 225w\" sizes=\"auto, (max-width: 350px) 100vw, 350px\" \/><figcaption class=\"wp-element-caption\"><strong>ANNA FORSMAN<br><\/strong>Taloushallinto<\/figcaption><\/figure>\n<\/div>\n<\/div>\n\n\n\n<div class=\"wp-block-columns is-layout-flex wp-container-core-columns-is-layout-9d6595d7 wp-block-columns-is-layout-flex\">\n<div class=\"wp-block-column is-layout-flow wp-block-column-is-layout-flow\">\n<figure class=\"wp-block-image size-full\"><img loading=\"lazy\" decoding=\"async\" width=\"350\" height=\"466\" src=\"https:\/\/cape.fi\/wp-content\/uploads\/2026\/03\/Maria_2026_2.jpg\" alt=\"\" class=\"wp-image-1092\" srcset=\"https:\/\/cape.fi\/wp-content\/uploads\/2026\/03\/Maria_2026_2.jpg 350w, https:\/\/cape.fi\/wp-content\/uploads\/2026\/03\/Maria_2026_2-225x300.jpg 225w\" sizes=\"auto, (max-width: 350px) 100vw, 350px\" \/><figcaption class=\"wp-element-caption\"><strong>MARIA PIETOLA<br><\/strong>Taloushallinto<\/figcaption><\/figure>\n<\/div>\n\n\n\n<div class=\"wp-block-column is-layout-flow wp-block-column-is-layout-flow\">\n<figure class=\"wp-block-image size-full\"><img loading=\"lazy\" decoding=\"async\" width=\"350\" height=\"466\" src=\"https:\/\/cape.fi\/wp-content\/uploads\/2023\/10\/Sara_2023.jpg\" alt=\"\" class=\"wp-image-915\" srcset=\"https:\/\/cape.fi\/wp-content\/uploads\/2023\/10\/Sara_2023.jpg 350w, https:\/\/cape.fi\/wp-content\/uploads\/2023\/10\/Sara_2023-225x300.jpg 225w\" sizes=\"auto, (max-width: 350px) 100vw, 350px\" \/><figcaption class=\"wp-element-caption\"><strong>SARA LAINE<br><\/strong>HR-johtaja, palkkahallinto, taloushallinto<\/figcaption><\/figure>\n<\/div>\n\n\n\n<div class=\"wp-block-column is-layout-flow wp-block-column-is-layout-flow\">\n<figure class=\"wp-block-image size-full\"><img loading=\"lazy\" decoding=\"async\" width=\"350\" height=\"466\" src=\"https:\/\/cape.fi\/wp-content\/uploads\/2023\/10\/Andre_2023.jpg\" alt=\"\" class=\"wp-image-918\" srcset=\"https:\/\/cape.fi\/wp-content\/uploads\/2023\/10\/Andre_2023.jpg 350w, https:\/\/cape.fi\/wp-content\/uploads\/2023\/10\/Andre_2023-225x300.jpg 225w\" sizes=\"auto, (max-width: 350px) 100vw, 350px\" \/><figcaption class=\"wp-element-caption\"><strong>ANDR\u00c9 UDD<br><\/strong>Taloushallinto<\/figcaption><\/figure>\n<\/div>\n<\/div>\n\n\n\n<div class=\"wp-block-columns is-layout-flex wp-container-core-columns-is-layout-9d6595d7 wp-block-columns-is-layout-flex\">\n<div class=\"wp-block-column is-layout-flow wp-block-column-is-layout-flow\">\n<figure class=\"wp-block-image size-full\"><img loading=\"lazy\" decoding=\"async\" width=\"350\" height=\"466\" src=\"https:\/\/cape.fi\/wp-content\/uploads\/2023\/10\/Annukka_2023.jpg\" alt=\"\" class=\"wp-image-906\" srcset=\"https:\/\/cape.fi\/wp-content\/uploads\/2023\/10\/Annukka_2023.jpg 350w, https:\/\/cape.fi\/wp-content\/uploads\/2023\/10\/Annukka_2023-225x300.jpg 225w\" sizes=\"auto, (max-width: 350px) 100vw, 350px\" \/><figcaption class=\"wp-element-caption\"><strong>ANNUKKA \u00c5KERFELT<\/strong><br>Palkkahallinto, taloushallinto<\/figcaption><\/figure>\n\n\n\n<p><\/p>\n<\/div>\n\n\n\n<div class=\"wp-block-column is-layout-flow wp-block-column-is-layout-flow\">\n<figure class=\"wp-block-image size-full\"><img loading=\"lazy\" decoding=\"async\" width=\"350\" height=\"466\" src=\"https:\/\/cape.fi\/wp-content\/uploads\/2023\/10\/Julia_2023.jpg\" alt=\"\" class=\"wp-image-925\" srcset=\"https:\/\/cape.fi\/wp-content\/uploads\/2023\/10\/Julia_2023.jpg 350w, https:\/\/cape.fi\/wp-content\/uploads\/2023\/10\/Julia_2023-225x300.jpg 225w\" sizes=\"auto, (max-width: 350px) 100vw, 350px\" \/><figcaption class=\"wp-element-caption\"><strong><strong>JULIA TUOMINEN<br><\/strong><\/strong>Palkkahallinto,<br>taloushallinto<\/figcaption><\/figure>\n<\/div>\n\n\n\n<div class=\"wp-block-column is-layout-flow wp-block-column-is-layout-flow\">\n<figure class=\"wp-block-image size-full\"><img loading=\"lazy\" decoding=\"async\" width=\"350\" height=\"466\" src=\"https:\/\/cape.fi\/wp-content\/uploads\/2023\/10\/Anu_2023.jpg\" alt=\"\" class=\"wp-image-928\" srcset=\"https:\/\/cape.fi\/wp-content\/uploads\/2023\/10\/Anu_2023.jpg 350w, https:\/\/cape.fi\/wp-content\/uploads\/2023\/10\/Anu_2023-225x300.jpg 225w\" sizes=\"auto, (max-width: 350px) 100vw, 350px\" \/><figcaption class=\"wp-element-caption\"><strong>ANU KARI<br><\/strong>Palkkahallinto,<br>taloushallinto<\/figcaption><\/figure>\n<\/div>\n<\/div>\n\n\n\n<div class=\"wp-block-columns is-layout-flex wp-container-core-columns-is-layout-9d6595d7 wp-block-columns-is-layout-flex\">\n<div class=\"wp-block-column is-layout-flow wp-block-column-is-layout-flow\">\n<figure class=\"wp-block-image size-full\"><img loading=\"lazy\" decoding=\"async\" width=\"350\" height=\"466\" src=\"https:\/\/cape.fi\/wp-content\/uploads\/2023\/10\/Ida_2023.jpg\" alt=\"\" class=\"wp-image-931\" srcset=\"https:\/\/cape.fi\/wp-content\/uploads\/2023\/10\/Ida_2023.jpg 350w, https:\/\/cape.fi\/wp-content\/uploads\/2023\/10\/Ida_2023-225x300.jpg 225w\" sizes=\"auto, (max-width: 350px) 100vw, 350px\" \/><figcaption class=\"wp-element-caption\"><strong>IDA LINDSTR\u00d6M<br><\/strong>Taloushallinto<\/figcaption><\/figure>\n\n\n\n<p><\/p>\n<\/div>\n\n\n\n<div class=\"wp-block-column is-layout-flow wp-block-column-is-layout-flow\">\n<figure class=\"wp-block-image size-full\"><img loading=\"lazy\" decoding=\"async\" width=\"350\" height=\"466\" src=\"https:\/\/cape.fi\/wp-content\/uploads\/2024\/12\/Camilla_2024.jpg\" alt=\"Camilla P\u00f6kelmann\" class=\"wp-image-1029\" srcset=\"https:\/\/cape.fi\/wp-content\/uploads\/2024\/12\/Camilla_2024.jpg 350w, https:\/\/cape.fi\/wp-content\/uploads\/2024\/12\/Camilla_2024-225x300.jpg 225w\" sizes=\"auto, (max-width: 350px) 100vw, 350px\" \/><figcaption class=\"wp-element-caption\"><strong>CAMILLA P\u00d6KELMANN<\/strong><br>Taloushallinto<\/figcaption><\/figure>\n<\/div>\n\n\n\n<div class=\"wp-block-column is-layout-flow wp-block-column-is-layout-flow\">\n<figure class=\"wp-block-image size-full\"><img loading=\"lazy\" decoding=\"async\" width=\"350\" height=\"466\" src=\"https:\/\/cape.fi\/wp-content\/uploads\/2023\/10\/Linn_2023.jpg\" alt=\"\" class=\"wp-image-939\" srcset=\"https:\/\/cape.fi\/wp-content\/uploads\/2023\/10\/Linn_2023.jpg 350w, https:\/\/cape.fi\/wp-content\/uploads\/2023\/10\/Linn_2023-225x300.jpg 225w\" sizes=\"auto, (max-width: 350px) 100vw, 350px\" \/><figcaption class=\"wp-element-caption\"><strong>LINN BRANDTBERG<\/strong><br>Taloushallinto<\/figcaption><\/figure>\n<\/div>\n<\/div>\n\n\n\n<div class=\"wp-block-columns is-layout-flex wp-container-core-columns-is-layout-9d6595d7 wp-block-columns-is-layout-flex\">\n<div class=\"wp-block-column is-layout-flow wp-block-column-is-layout-flow\">\n<figure class=\"wp-block-image size-full\"><img loading=\"lazy\" decoding=\"async\" width=\"350\" height=\"466\" src=\"https:\/\/cape.fi\/wp-content\/uploads\/2023\/10\/Andreas_2023.jpg\" alt=\"\" class=\"wp-image-942\" srcset=\"https:\/\/cape.fi\/wp-content\/uploads\/2023\/10\/Andreas_2023.jpg 350w, https:\/\/cape.fi\/wp-content\/uploads\/2023\/10\/Andreas_2023-225x300.jpg 225w\" sizes=\"auto, (max-width: 350px) 100vw, 350px\" \/><figcaption class=\"wp-element-caption\"><strong>ANDREAS IMPOLA<\/strong><br>Taloushallinto<strong><br><\/strong><\/figcaption><\/figure>\n\n\n\n<p><\/p>\n<\/div>\n\n\n\n<div class=\"wp-block-column is-layout-flow wp-block-column-is-layout-flow\">\n<figure class=\"wp-block-image size-full\"><img loading=\"lazy\" decoding=\"async\" width=\"350\" height=\"466\" src=\"https:\/\/cape.fi\/wp-content\/uploads\/2023\/10\/Ben_2023.jpg\" alt=\"\" class=\"wp-image-945\" srcset=\"https:\/\/cape.fi\/wp-content\/uploads\/2023\/10\/Ben_2023.jpg 350w, https:\/\/cape.fi\/wp-content\/uploads\/2023\/10\/Ben_2023-225x300.jpg 225w\" sizes=\"auto, (max-width: 350px) 100vw, 350px\" \/><figcaption class=\"wp-element-caption\"><strong>BEN WAHLBERG<\/strong><br>Taloushallinto<strong><br><\/strong><\/figcaption><\/figure>\n<\/div>\n\n\n\n<div class=\"wp-block-column is-layout-flow wp-block-column-is-layout-flow\">\n<figure class=\"wp-block-image size-full\"><img loading=\"lazy\" decoding=\"async\" width=\"350\" height=\"466\" src=\"https:\/\/cape.fi\/wp-content\/uploads\/2026\/03\/Christa_2026.jpg\" alt=\"\" class=\"wp-image-1085\" srcset=\"https:\/\/cape.fi\/wp-content\/uploads\/2026\/03\/Christa_2026.jpg 350w, https:\/\/cape.fi\/wp-content\/uploads\/2026\/03\/Christa_2026-225x300.jpg 225w\" sizes=\"auto, (max-width: 350px) 100vw, 350px\" \/><figcaption class=\"wp-element-caption\"><strong>CHRISTA SIV\u00c8N<\/strong><br>Palkkahallinto, taloushallinto<\/figcaption><\/figure>\n<\/div>\n<\/div>\n\n\n\n<p><\/p>\n","protected":false},"excerpt":{"rendered":"<p>T\u00e4m\u00e4 on Cape Economy<\/p>\n","protected":false},"author":1,"featured_media":715,"parent":0,"menu_order":0,"comment_status":"closed","ping_status":"closed","template":"templates\/no-sidebar.php","meta":{"footnotes":""},"class_list":["post-562","page","type-page","status-publish","has-post-thumbnail","hentry"],"yoast_head":"<!-- This site is optimized with the Yoast SEO plugin v27.4 - https:\/\/yoast.com\/product\/yoast-seo-wordpress\/ -->\n<title>T\u00e4m\u00e4 on Cape Economy - Cape Economy<\/title>\n<meta name=\"robots\" content=\"index, follow, max-snippet:-1, max-image-preview:large, max-video-preview:-1\" \/>\n<link rel=\"canonical\" href=\"https:\/\/cape.fi\/fi\/\" \/>\n<meta property=\"og:locale\" content=\"fi_FI\" \/>\n<meta property=\"og:type\" content=\"article\" \/>\n<meta property=\"og:title\" content=\"T\u00e4m\u00e4 on Cape Economy - Cape Economy\" \/>\n<meta property=\"og:description\" content=\"T\u00e4m\u00e4 on Cape Economy\" \/>\n<meta property=\"og:url\" content=\"https:\/\/cape.fi\/fi\/\" \/>\n<meta property=\"og:site_name\" content=\"Cape Economy\" \/>\n<meta property=\"article:modified_time\" content=\"2026-03-03T09:39:20+00:00\" \/>\n<meta property=\"og:image\" content=\"https:\/\/cape.fi\/wp-content\/uploads\/2021\/08\/header_2.jpg\" \/>\n\t<meta property=\"og:image:width\" content=\"1920\" \/>\n\t<meta property=\"og:image:height\" content=\"600\" \/>\n\t<meta property=\"og:image:type\" content=\"image\/jpeg\" \/>\n<meta name=\"twitter:card\" content=\"summary_large_image\" \/>\n<meta name=\"twitter:label1\" content=\"Arvioitu lukuaika\" \/>\n\t<meta name=\"twitter:data1\" content=\"4 minuuttia\" \/>\n<script type=\"application\/ld+json\" class=\"yoast-schema-graph\">{\"@context\":\"https:\\\/\\\/schema.org\",\"@graph\":[{\"@type\":\"WebPage\",\"@id\":\"https:\\\/\\\/cape.fi\\\/fi\\\/\",\"url\":\"https:\\\/\\\/cape.fi\\\/fi\\\/\",\"name\":\"T\u00e4m\u00e4 on Cape Economy - Cape Economy\",\"isPartOf\":{\"@id\":\"https:\\\/\\\/cape.fi\\\/fi\\\/#website\"},\"primaryImageOfPage\":{\"@id\":\"https:\\\/\\\/cape.fi\\\/fi\\\/#primaryimage\"},\"image\":{\"@id\":\"https:\\\/\\\/cape.fi\\\/fi\\\/#primaryimage\"},\"thumbnailUrl\":\"https:\\\/\\\/cape.fi\\\/wp-content\\\/uploads\\\/2021\\\/08\\\/header_2.jpg\",\"datePublished\":\"2021-08-17T18:14:11+00:00\",\"dateModified\":\"2026-03-03T09:39:20+00:00\",\"breadcrumb\":{\"@id\":\"https:\\\/\\\/cape.fi\\\/fi\\\/#breadcrumb\"},\"inLanguage\":\"fi\",\"potentialAction\":[{\"@type\":\"ReadAction\",\"target\":[\"https:\\\/\\\/cape.fi\\\/fi\\\/\"]}]},{\"@type\":\"ImageObject\",\"inLanguage\":\"fi\",\"@id\":\"https:\\\/\\\/cape.fi\\\/fi\\\/#primaryimage\",\"url\":\"https:\\\/\\\/cape.fi\\\/wp-content\\\/uploads\\\/2021\\\/08\\\/header_2.jpg\",\"contentUrl\":\"https:\\\/\\\/cape.fi\\\/wp-content\\\/uploads\\\/2021\\\/08\\\/header_2.jpg\",\"width\":1920,\"height\":600},{\"@type\":\"BreadcrumbList\",\"@id\":\"https:\\\/\\\/cape.fi\\\/fi\\\/#breadcrumb\",\"itemListElement\":[{\"@type\":\"ListItem\",\"position\":1,\"name\":\"Home\",\"item\":\"https:\\\/\\\/cape.fi\\\/fi\\\/\"},{\"@type\":\"ListItem\",\"position\":2,\"name\":\"T\u00e4m\u00e4 on Cape Economy\"}]},{\"@type\":\"WebSite\",\"@id\":\"https:\\\/\\\/cape.fi\\\/fi\\\/#website\",\"url\":\"https:\\\/\\\/cape.fi\\\/fi\\\/\",\"name\":\"Cape Economy\",\"description\":\"V\u00e4lkommen till Cape Economy\",\"publisher\":{\"@id\":\"https:\\\/\\\/cape.fi\\\/fi\\\/#organization\"},\"potentialAction\":[{\"@type\":\"SearchAction\",\"target\":{\"@type\":\"EntryPoint\",\"urlTemplate\":\"https:\\\/\\\/cape.fi\\\/fi\\\/?s={search_term_string}\"},\"query-input\":{\"@type\":\"PropertyValueSpecification\",\"valueRequired\":true,\"valueName\":\"search_term_string\"}}],\"inLanguage\":\"fi\"},{\"@type\":\"Organization\",\"@id\":\"https:\\\/\\\/cape.fi\\\/fi\\\/#organization\",\"name\":\"Cape Economy Oy Ab\",\"url\":\"https:\\\/\\\/cape.fi\\\/fi\\\/\",\"logo\":{\"@type\":\"ImageObject\",\"inLanguage\":\"fi\",\"@id\":\"https:\\\/\\\/cape.fi\\\/fi\\\/#\\\/schema\\\/logo\\\/image\\\/\",\"url\":\"https:\\\/\\\/cape.fi\\\/wp-content\\\/uploads\\\/2020\\\/12\\\/cape_stor.png\",\"contentUrl\":\"https:\\\/\\\/cape.fi\\\/wp-content\\\/uploads\\\/2020\\\/12\\\/cape_stor.png\",\"width\":500,\"height\":223,\"caption\":\"Cape Economy Oy Ab\"},\"image\":{\"@id\":\"https:\\\/\\\/cape.fi\\\/fi\\\/#\\\/schema\\\/logo\\\/image\\\/\"}}]}<\/script>\n<!-- \/ Yoast SEO plugin. -->","yoast_head_json":{"title":"T\u00e4m\u00e4 on Cape Economy - Cape Economy","robots":{"index":"index","follow":"follow","max-snippet":"max-snippet:-1","max-image-preview":"max-image-preview:large","max-video-preview":"max-video-preview:-1"},"canonical":"https:\/\/cape.fi\/fi\/","og_locale":"fi_FI","og_type":"article","og_title":"T\u00e4m\u00e4 on Cape Economy - Cape Economy","og_description":"T\u00e4m\u00e4 on Cape Economy","og_url":"https:\/\/cape.fi\/fi\/","og_site_name":"Cape Economy","article_modified_time":"2026-03-03T09:39:20+00:00","og_image":[{"width":1920,"height":600,"url":"https:\/\/cape.fi\/wp-content\/uploads\/2021\/08\/header_2.jpg","type":"image\/jpeg"}],"twitter_card":"summary_large_image","twitter_misc":{"Arvioitu lukuaika":"4 minuuttia"},"schema":{"@context":"https:\/\/schema.org","@graph":[{"@type":"WebPage","@id":"https:\/\/cape.fi\/fi\/","url":"https:\/\/cape.fi\/fi\/","name":"T\u00e4m\u00e4 on Cape Economy - Cape Economy","isPartOf":{"@id":"https:\/\/cape.fi\/fi\/#website"},"primaryImageOfPage":{"@id":"https:\/\/cape.fi\/fi\/#primaryimage"},"image":{"@id":"https:\/\/cape.fi\/fi\/#primaryimage"},"thumbnailUrl":"https:\/\/cape.fi\/wp-content\/uploads\/2021\/08\/header_2.jpg","datePublished":"2021-08-17T18:14:11+00:00","dateModified":"2026-03-03T09:39:20+00:00","breadcrumb":{"@id":"https:\/\/cape.fi\/fi\/#breadcrumb"},"inLanguage":"fi","potentialAction":[{"@type":"ReadAction","target":["https:\/\/cape.fi\/fi\/"]}]},{"@type":"ImageObject","inLanguage":"fi","@id":"https:\/\/cape.fi\/fi\/#primaryimage","url":"https:\/\/cape.fi\/wp-content\/uploads\/2021\/08\/header_2.jpg","contentUrl":"https:\/\/cape.fi\/wp-content\/uploads\/2021\/08\/header_2.jpg","width":1920,"height":600},{"@type":"BreadcrumbList","@id":"https:\/\/cape.fi\/fi\/#breadcrumb","itemListElement":[{"@type":"ListItem","position":1,"name":"Home","item":"https:\/\/cape.fi\/fi\/"},{"@type":"ListItem","position":2,"name":"T\u00e4m\u00e4 on Cape Economy"}]},{"@type":"WebSite","@id":"https:\/\/cape.fi\/fi\/#website","url":"https:\/\/cape.fi\/fi\/","name":"Cape Economy","description":"V\u00e4lkommen till Cape Economy","publisher":{"@id":"https:\/\/cape.fi\/fi\/#organization"},"potentialAction":[{"@type":"SearchAction","target":{"@type":"EntryPoint","urlTemplate":"https:\/\/cape.fi\/fi\/?s={search_term_string}"},"query-input":{"@type":"PropertyValueSpecification","valueRequired":true,"valueName":"search_term_string"}}],"inLanguage":"fi"},{"@type":"Organization","@id":"https:\/\/cape.fi\/fi\/#organization","name":"Cape Economy Oy Ab","url":"https:\/\/cape.fi\/fi\/","logo":{"@type":"ImageObject","inLanguage":"fi","@id":"https:\/\/cape.fi\/fi\/#\/schema\/logo\/image\/","url":"https:\/\/cape.fi\/wp-content\/uploads\/2020\/12\/cape_stor.png","contentUrl":"https:\/\/cape.fi\/wp-content\/uploads\/2020\/12\/cape_stor.png","width":500,"height":223,"caption":"Cape Economy Oy Ab"},"image":{"@id":"https:\/\/cape.fi\/fi\/#\/schema\/logo\/image\/"}}]}},"_links":{"self":[{"href":"https:\/\/cape.fi\/fi\/wp-json\/wp\/v2\/pages\/562","targetHints":{"allow":["GET"]}}],"collection":[{"href":"https:\/\/cape.fi\/fi\/wp-json\/wp\/v2\/pages"}],"about":[{"href":"https:\/\/cape.fi\/fi\/wp-json\/wp\/v2\/types\/page"}],"author":[{"embeddable":true,"href":"https:\/\/cape.fi\/fi\/wp-json\/wp\/v2\/users\/1"}],"replies":[{"embeddable":true,"href":"https:\/\/cape.fi\/fi\/wp-json\/wp\/v2\/comments?post=562"}],"version-history":[{"count":14,"href":"https:\/\/cape.fi\/fi\/wp-json\/wp\/v2\/pages\/562\/revisions"}],"predecessor-version":[{"id":1106,"href":"https:\/\/cape.fi\/fi\/wp-json\/wp\/v2\/pages\/562\/revisions\/1106"}],"wp:featuredmedia":[{"embeddable":true,"href":"https:\/\/cape.fi\/fi\/wp-json\/wp\/v2\/media\/715"}],"wp:attachment":[{"href":"https:\/\/cape.fi\/fi\/wp-json\/wp\/v2\/media?parent=562"}],"curies":[{"name":"wp","href":"https:\/\/api.w.org\/{rel}","templated":true}]}}