{"id":392,"date":"2021-07-29T15:15:02","date_gmt":"2021-07-29T12:15:02","guid":{"rendered":"https:\/\/cape.fi\/?page_id=392"},"modified":"2026-03-03T11:53:50","modified_gmt":"2026-03-03T09:53:50","slug":"tiimimme","status":"publish","type":"page","link":"https:\/\/cape.fi\/fi\/tiimimme\/","title":{"rendered":"Tiimimme"},"content":{"rendered":"\n<p>Tiimiss\u00e4mme yhdistyv\u00e4t kokeneet taloushallinnon osaajat ja uudelleenajattelevat nuoret voimat. Yll\u00e4pid\u00e4mme jatkuvasti osaamistamme koulutuksilla. Palvelemme asiakkaitamme ruotsiksi, suomeksi ja englanniksi..<\/p>\n\n\n\n<div class=\"wp-block-columns is-layout-flex wp-container-core-columns-is-layout-9d6595d7 wp-block-columns-is-layout-flex\">\n<div class=\"wp-block-column is-layout-flow wp-block-column-is-layout-flow\">\n<figure class=\"wp-block-image size-full\"><img loading=\"lazy\" decoding=\"async\" width=\"350\" height=\"466\" src=\"https:\/\/cape.fi\/wp-content\/uploads\/2026\/03\/Axel_2026_2.jpg\" alt=\"\" class=\"wp-image-1098\" srcset=\"https:\/\/cape.fi\/wp-content\/uploads\/2026\/03\/Axel_2026_2.jpg 350w, https:\/\/cape.fi\/wp-content\/uploads\/2026\/03\/Axel_2026_2-225x300.jpg 225w\" sizes=\"auto, (max-width: 350px) 100vw, 350px\" \/><figcaption class=\"wp-element-caption\"><strong>AXEL ENBERG<\/strong><br>Toimitusjohtaja<br>044 788 7600<br><a href=\"mailto:axel.enberg@cape.fi\">axel.enberg@cape.fi<\/a><\/figcaption><\/figure>\n<\/div>\n\n\n\n<div class=\"wp-block-column is-layout-flow wp-block-column-is-layout-flow\">\n<figure class=\"wp-block-image size-full\"><img loading=\"lazy\" decoding=\"async\" width=\"350\" height=\"466\" src=\"https:\/\/cape.fi\/wp-content\/uploads\/2023\/10\/Linda_2023.jpg\" alt=\"\" class=\"wp-image-922\" srcset=\"https:\/\/cape.fi\/wp-content\/uploads\/2023\/10\/Linda_2023.jpg 350w, https:\/\/cape.fi\/wp-content\/uploads\/2023\/10\/Linda_2023-225x300.jpg 225w\" sizes=\"auto, (max-width: 350px) 100vw, 350px\" \/><figcaption class=\"wp-element-caption\"><strong>LINDA WESTERLUND<\/strong><br>Tarjouspyynn\u00f6t ja myynti, taloushallinto<br>044 788 7610<br><a href=\"mailto:linda.westerlund@cape.fi\">linda.westerlund@cape.fi<\/a><\/figcaption><\/figure>\n<\/div>\n\n\n\n<div class=\"wp-block-column is-layout-flow wp-block-column-is-layout-flow\">\n<figure class=\"wp-block-image size-full\"><img loading=\"lazy\" decoding=\"async\" width=\"350\" height=\"466\" src=\"https:\/\/cape.fi\/wp-content\/uploads\/2023\/10\/Anna_2023.jpg\" alt=\"\" class=\"wp-image-909\" srcset=\"https:\/\/cape.fi\/wp-content\/uploads\/2023\/10\/Anna_2023.jpg 350w, https:\/\/cape.fi\/wp-content\/uploads\/2023\/10\/Anna_2023-225x300.jpg 225w\" sizes=\"auto, (max-width: 350px) 100vw, 350px\" \/><figcaption class=\"wp-element-caption\"><strong>ANNA FORSMAN<br><\/strong>Taloushallinto<br>044 788 7606<br><a href=\"mailto:anna.forsman@cape.fi\">anna.forsman@cape.fi<\/a><\/figcaption><\/figure>\n<\/div>\n<\/div>\n\n\n\n<div class=\"wp-block-columns is-layout-flex wp-container-core-columns-is-layout-9d6595d7 wp-block-columns-is-layout-flex\">\n<div class=\"wp-block-column is-layout-flow wp-block-column-is-layout-flow\">\n<figure class=\"wp-block-image size-full\"><img loading=\"lazy\" decoding=\"async\" width=\"350\" height=\"466\" src=\"https:\/\/cape.fi\/wp-content\/uploads\/2026\/03\/Maria_2026_2.jpg\" alt=\"\" class=\"wp-image-1092\" srcset=\"https:\/\/cape.fi\/wp-content\/uploads\/2026\/03\/Maria_2026_2.jpg 350w, https:\/\/cape.fi\/wp-content\/uploads\/2026\/03\/Maria_2026_2-225x300.jpg 225w\" sizes=\"auto, (max-width: 350px) 100vw, 350px\" \/><figcaption class=\"wp-element-caption\"><strong>MARIA PIETOLA<br><\/strong>Taloushallinto<br>044 788 7607<br><a href=\"mailto:maria.pietola@cape.fi\">maria.pietola@cape.fi<\/a><\/figcaption><\/figure>\n<\/div>\n\n\n\n<div class=\"wp-block-column is-layout-flow wp-block-column-is-layout-flow\">\n<figure class=\"wp-block-image size-full\"><img loading=\"lazy\" decoding=\"async\" width=\"350\" height=\"466\" src=\"https:\/\/cape.fi\/wp-content\/uploads\/2023\/10\/Sara_2023.jpg\" alt=\"\" class=\"wp-image-915\" srcset=\"https:\/\/cape.fi\/wp-content\/uploads\/2023\/10\/Sara_2023.jpg 350w, https:\/\/cape.fi\/wp-content\/uploads\/2023\/10\/Sara_2023-225x300.jpg 225w\" sizes=\"auto, (max-width: 350px) 100vw, 350px\" \/><figcaption class=\"wp-element-caption\"><strong>SARA LAINE<br><\/strong>HR-johtaja, <br>palkkahallinto, <br>taloushallinto<br>044 788 7608<br><a href=\"mailto:sara.laine@cape.fi\">sara.laine@cape.fi<\/a><\/figcaption><\/figure>\n<\/div>\n\n\n\n<div class=\"wp-block-column is-layout-flow wp-block-column-is-layout-flow\">\n<figure class=\"wp-block-image size-full\"><img loading=\"lazy\" decoding=\"async\" width=\"350\" height=\"466\" src=\"https:\/\/cape.fi\/wp-content\/uploads\/2023\/10\/Andre_2023.jpg\" alt=\"\" class=\"wp-image-918\" srcset=\"https:\/\/cape.fi\/wp-content\/uploads\/2023\/10\/Andre_2023.jpg 350w, https:\/\/cape.fi\/wp-content\/uploads\/2023\/10\/Andre_2023-225x300.jpg 225w\" sizes=\"auto, (max-width: 350px) 100vw, 350px\" \/><figcaption class=\"wp-element-caption\"><strong>ANDR\u00c9 UDD<br><\/strong>Taloushallinto<br>044 788 7609<br><a href=\"mailto:andre.udd@cape.fi\">andre.udd@cape.fi<\/a><\/figcaption><\/figure>\n<\/div>\n<\/div>\n\n\n\n<div class=\"wp-block-columns is-layout-flex wp-container-core-columns-is-layout-9d6595d7 wp-block-columns-is-layout-flex\">\n<div class=\"wp-block-column is-layout-flow wp-block-column-is-layout-flow\">\n<figure class=\"wp-block-image size-full\"><img loading=\"lazy\" decoding=\"async\" width=\"350\" height=\"466\" src=\"https:\/\/cape.fi\/wp-content\/uploads\/2023\/10\/Annukka_2023.jpg\" alt=\"\" class=\"wp-image-906\" srcset=\"https:\/\/cape.fi\/wp-content\/uploads\/2023\/10\/Annukka_2023.jpg 350w, https:\/\/cape.fi\/wp-content\/uploads\/2023\/10\/Annukka_2023-225x300.jpg 225w\" sizes=\"auto, (max-width: 350px) 100vw, 350px\" \/><figcaption class=\"wp-element-caption\"><strong>ANNUKKA \u00c5KERFELT<\/strong><br>Palkkahallinto, taloushallinto<br>044 788 7605<br><a href=\"mailto:annukka.akerfelt@cape.fi\">annukka.akerfelt@cape.fi<\/a><\/figcaption><\/figure>\n<\/div>\n\n\n\n<div class=\"wp-block-column is-layout-flow wp-block-column-is-layout-flow\">\n<figure class=\"wp-block-image size-full\"><img loading=\"lazy\" decoding=\"async\" width=\"350\" height=\"466\" src=\"https:\/\/cape.fi\/wp-content\/uploads\/2023\/10\/Julia_2023.jpg\" alt=\"\" class=\"wp-image-925\" srcset=\"https:\/\/cape.fi\/wp-content\/uploads\/2023\/10\/Julia_2023.jpg 350w, https:\/\/cape.fi\/wp-content\/uploads\/2023\/10\/Julia_2023-225x300.jpg 225w\" sizes=\"auto, (max-width: 350px) 100vw, 350px\" \/><figcaption class=\"wp-element-caption\"><strong><strong>JULIA TUOMINEN<br><\/strong><\/strong>Palkkahallinto, taloushallinto<br>044 493 9323<br><a href=\"mailto:julia.tuominen@cape.fi\">julia.tuominen@cape.fi<\/a><\/figcaption><\/figure>\n<\/div>\n\n\n\n<div class=\"wp-block-column is-layout-flow wp-block-column-is-layout-flow\">\n<figure class=\"wp-block-image size-full\"><img loading=\"lazy\" decoding=\"async\" width=\"350\" height=\"466\" src=\"https:\/\/cape.fi\/wp-content\/uploads\/2023\/10\/Anu_2023.jpg\" alt=\"\" class=\"wp-image-928\" srcset=\"https:\/\/cape.fi\/wp-content\/uploads\/2023\/10\/Anu_2023.jpg 350w, https:\/\/cape.fi\/wp-content\/uploads\/2023\/10\/Anu_2023-225x300.jpg 225w\" sizes=\"auto, (max-width: 350px) 100vw, 350px\" \/><figcaption class=\"wp-element-caption\"><strong>ANU KARI<br><\/strong>Palkkahallinto, taloushallinto<br>044 493 9321<br><a href=\"mailto:anu.kari@cape.fi\">anu.kari@cape.fi<\/a><\/figcaption><\/figure>\n<\/div>\n<\/div>\n\n\n\n<div class=\"wp-block-columns is-layout-flex wp-container-core-columns-is-layout-9d6595d7 wp-block-columns-is-layout-flex\">\n<div class=\"wp-block-column is-layout-flow wp-block-column-is-layout-flow\">\n<figure class=\"wp-block-image size-full\"><img loading=\"lazy\" decoding=\"async\" width=\"350\" height=\"466\" src=\"https:\/\/cape.fi\/wp-content\/uploads\/2023\/10\/Ida_2023.jpg\" alt=\"\" class=\"wp-image-931\" srcset=\"https:\/\/cape.fi\/wp-content\/uploads\/2023\/10\/Ida_2023.jpg 350w, https:\/\/cape.fi\/wp-content\/uploads\/2023\/10\/Ida_2023-225x300.jpg 225w\" sizes=\"auto, (max-width: 350px) 100vw, 350px\" \/><figcaption class=\"wp-element-caption\"><strong>IDA LINDSTR\u00d6M<br><\/strong>Taloushallinto<br>044 493 9322<br><a href=\"mailto:ida.lindstrom@cape.fi\">ida.lindstrom@cape.fi<\/a><\/figcaption><\/figure>\n<\/div>\n\n\n\n<div class=\"wp-block-column is-layout-flow wp-block-column-is-layout-flow\">\n<figure class=\"wp-block-image size-full\"><img loading=\"lazy\" decoding=\"async\" width=\"350\" height=\"466\" src=\"https:\/\/cape.fi\/wp-content\/uploads\/2024\/12\/Camilla_2024.jpg\" alt=\"Camilla P\u00f6kelmann\" class=\"wp-image-1029\" srcset=\"https:\/\/cape.fi\/wp-content\/uploads\/2024\/12\/Camilla_2024.jpg 350w, https:\/\/cape.fi\/wp-content\/uploads\/2024\/12\/Camilla_2024-225x300.jpg 225w\" sizes=\"auto, (max-width: 350px) 100vw, 350px\" \/><figcaption class=\"wp-element-caption\"><strong>CAMILLA P\u00d6KELMANN<\/strong><br>Taloushallinto<br>044 901 1086<br><a href=\"mailto:camilla.pokelmann@cape.fi\">camilla.pokelmann@cape.fi<\/a><\/figcaption><\/figure>\n<\/div>\n\n\n\n<div class=\"wp-block-column is-layout-flow wp-block-column-is-layout-flow\">\n<figure class=\"wp-block-image size-full\"><img loading=\"lazy\" decoding=\"async\" width=\"350\" height=\"466\" src=\"https:\/\/cape.fi\/wp-content\/uploads\/2023\/10\/Linn_2023.jpg\" alt=\"\" class=\"wp-image-939\" srcset=\"https:\/\/cape.fi\/wp-content\/uploads\/2023\/10\/Linn_2023.jpg 350w, https:\/\/cape.fi\/wp-content\/uploads\/2023\/10\/Linn_2023-225x300.jpg 225w\" sizes=\"auto, (max-width: 350px) 100vw, 350px\" \/><figcaption class=\"wp-element-caption\"><strong>LINN BRANDTBERG<br><\/strong>Taloushallinto<br>050 568 6907<br><a href=\"mailto:linn.brandtberg@cape.fi\">linn.brandtberg@cape.fi<\/a><\/figcaption><\/figure>\n<\/div>\n<\/div>\n\n\n\n<div class=\"wp-block-columns is-layout-flex wp-container-core-columns-is-layout-9d6595d7 wp-block-columns-is-layout-flex\">\n<div class=\"wp-block-column is-layout-flow wp-block-column-is-layout-flow\">\n<figure class=\"wp-block-image size-full\"><img loading=\"lazy\" decoding=\"async\" width=\"350\" height=\"466\" src=\"https:\/\/cape.fi\/wp-content\/uploads\/2023\/10\/Andreas_2023.jpg\" alt=\"\" class=\"wp-image-942\" srcset=\"https:\/\/cape.fi\/wp-content\/uploads\/2023\/10\/Andreas_2023.jpg 350w, https:\/\/cape.fi\/wp-content\/uploads\/2023\/10\/Andreas_2023-225x300.jpg 225w\" sizes=\"auto, (max-width: 350px) 100vw, 350px\" \/><figcaption class=\"wp-element-caption\"><strong>ANDREAS IMPOLA<br><\/strong>Taloushallinto<br>044 723 2388<br><a href=\"mailto:andreas.impola@cape.fi\">andreas.impola@cape.fi<\/a><\/figcaption><\/figure>\n<\/div>\n\n\n\n<div class=\"wp-block-column is-layout-flow wp-block-column-is-layout-flow\">\n<figure class=\"wp-block-image size-full\"><img loading=\"lazy\" decoding=\"async\" width=\"350\" height=\"466\" src=\"https:\/\/cape.fi\/wp-content\/uploads\/2023\/10\/Ben_2023.jpg\" alt=\"\" class=\"wp-image-945\" srcset=\"https:\/\/cape.fi\/wp-content\/uploads\/2023\/10\/Ben_2023.jpg 350w, https:\/\/cape.fi\/wp-content\/uploads\/2023\/10\/Ben_2023-225x300.jpg 225w\" sizes=\"auto, (max-width: 350px) 100vw, 350px\" \/><figcaption class=\"wp-element-caption\"><strong>BEN WAHLBERG<br><\/strong>Taloushallinto<br>0400 583 846<br><a href=\"mailto:ben.wahlberg@cape.fi\">ben.wahlberg@cape.fi<\/a><\/figcaption><\/figure>\n<\/div>\n\n\n\n<div class=\"wp-block-column is-layout-flow wp-block-column-is-layout-flow\">\n<figure class=\"wp-block-image size-full\"><img loading=\"lazy\" decoding=\"async\" width=\"350\" height=\"466\" src=\"https:\/\/cape.fi\/wp-content\/uploads\/2026\/03\/Christa_2026.jpg\" alt=\"\" class=\"wp-image-1085\" srcset=\"https:\/\/cape.fi\/wp-content\/uploads\/2026\/03\/Christa_2026.jpg 350w, https:\/\/cape.fi\/wp-content\/uploads\/2026\/03\/Christa_2026-225x300.jpg 225w\" sizes=\"auto, (max-width: 350px) 100vw, 350px\" \/><figcaption class=\"wp-element-caption\"><strong>CHRISTA SIV\u00c8N<\/strong><br>Palkkahallinto, taloushallinto<br><a href=\"mailto:christa.siven@cape.fi\">christa.siven@cape.fi<\/a><\/figcaption><\/figure>\n<\/div>\n<\/div>\n\n\n\n<hr class=\"wp-block-separator has-text-color has-css-opacity has-background is-style-wide\" style=\"background-color:#21374f;color:#21374f\"\/>\n\n\n\n<h4 class=\"wp-block-heading\">Yhteisty\u00f6<\/h4>\n\n\n\n<p>Hyv\u00e4t suhteet ovat voittamaton konsepti! Yhteisty\u00f6kumppaneidemme verkko koostuu lakimiehist\u00e4, tilintarkastajista ja taloushallinnon konsulteista. He tuovat lis\u00e4osaamista ja vahvuutta tiimiimme.<\/p>\n\n\n\n<div class=\"wp-block-columns is-layout-flex wp-container-core-columns-is-layout-9d6595d7 wp-block-columns-is-layout-flex\">\n<div class=\"wp-block-column is-layout-flow wp-block-column-is-layout-flow\">\n<figure class=\"wp-block-image size-full\"><img loading=\"lazy\" decoding=\"async\" width=\"180\" height=\"99\" src=\"https:\/\/cape.fi\/wp-content\/uploads\/2026\/03\/netvisor_2023_gray2.png\" alt=\"\" class=\"wp-image-1120\"\/><\/figure>\n<\/div>\n\n\n\n<div class=\"wp-block-column is-layout-flow wp-block-column-is-layout-flow\">\n<figure class=\"wp-block-image size-full\"><a href=\"https:\/\/www.fredenberg.fi\/\" target=\"_blank\" rel=\"noopener\"><img loading=\"lazy\" decoding=\"async\" width=\"180\" height=\"90\" src=\"https:\/\/cape.fi\/wp-content\/uploads\/2021\/07\/samarbete_Fredenberg.png\" alt=\"Fredenberg\" class=\"wp-image-371\"\/><\/a><\/figure>\n<\/div>\n\n\n\n<div class=\"wp-block-column is-layout-flow wp-block-column-is-layout-flow\">\n<figure class=\"wp-block-image size-full\"><a href=\"http:\/\/sendero.fi\/\" target=\"_blank\" rel=\"noopener\"><img loading=\"lazy\" decoding=\"async\" width=\"180\" height=\"90\" src=\"https:\/\/cape.fi\/wp-content\/uploads\/2021\/07\/samarbete_Sendero.png\" alt=\"Sendero\" class=\"wp-image-372\"\/><\/a><\/figure>\n<\/div>\n\n\n\n<div class=\"wp-block-column is-layout-flow wp-block-column-is-layout-flow\">\n<figure class=\"wp-block-image size-full\"><a href=\"https:\/\/finder.fi\/Tilitoimisto\/Bokf\u00f6ring+%26+Revision+S\u00f6derberg+Ab\/Karis\/yhteystiedot\/348557\" target=\"_blank\" rel=\"noopener\"><img loading=\"lazy\" decoding=\"async\" width=\"180\" height=\"90\" src=\"https:\/\/cape.fi\/wp-content\/uploads\/2021\/07\/samarbete_Soderberg.png\" alt=\"S\u00f6derberg\" class=\"wp-image-373\"\/><\/a><\/figure>\n<\/div>\n<\/div>\n\n\n\n<p><\/p>\n","protected":false},"excerpt":{"rendered":"<p>Tiimiss\u00e4mme yhdistyv\u00e4t kokeneet taloushallinnon osaajat ja uudelleenajattelevat nuoret voimat. Yll\u00e4pid\u00e4mme jatkuvasti osaamistamme koulutuksilla. Palvelemme asiakkaitamme ruotsiksi, suomeksi ja englanniksi.. Yhteisty\u00f6 Hyv\u00e4t suhteet ovat voittamaton konsepti! Yhteisty\u00f6kumppaneidemme verkko koostuu lakimiehist\u00e4, tilintarkastajista<span class=\"more-button\"><a href=\"https:\/\/cape.fi\/fi\/tiimimme\/\" class=\"more-link\">Continue reading<span class=\"screen-reader-text\">Tiimimme<\/span><\/a><\/span><\/p>\n","protected":false},"author":1,"featured_media":715,"parent":0,"menu_order":0,"comment_status":"closed","ping_status":"closed","template":"templates\/no-sidebar.php","meta":{"footnotes":""},"class_list":["post-392","page","type-page","status-publish","has-post-thumbnail","hentry"],"yoast_head":"<!-- This site is optimized with the Yoast SEO plugin v27.4 - https:\/\/yoast.com\/product\/yoast-seo-wordpress\/ -->\n<title>Tiimimme - Cape Economy<\/title>\n<meta name=\"robots\" content=\"index, follow, max-snippet:-1, max-image-preview:large, max-video-preview:-1\" \/>\n<link rel=\"canonical\" href=\"https:\/\/cape.fi\/fi\/tiimimme\/\" \/>\n<meta property=\"og:locale\" content=\"fi_FI\" \/>\n<meta property=\"og:type\" content=\"article\" \/>\n<meta property=\"og:title\" content=\"Tiimimme - Cape Economy\" \/>\n<meta property=\"og:description\" content=\"Tiimiss\u00e4mme yhdistyv\u00e4t kokeneet taloushallinnon osaajat ja uudelleenajattelevat nuoret voimat. Yll\u00e4pid\u00e4mme jatkuvasti osaamistamme koulutuksilla. Palvelemme asiakkaitamme ruotsiksi, suomeksi ja englanniksi.. Yhteisty\u00f6 Hyv\u00e4t suhteet ovat voittamaton konsepti! Yhteisty\u00f6kumppaneidemme verkko koostuu lakimiehist\u00e4, tilintarkastajistaContinue readingTiimimme\" \/>\n<meta property=\"og:url\" content=\"https:\/\/cape.fi\/fi\/tiimimme\/\" \/>\n<meta property=\"og:site_name\" content=\"Cape Economy\" \/>\n<meta property=\"article:modified_time\" content=\"2026-03-03T09:53:50+00:00\" \/>\n<meta property=\"og:image\" content=\"https:\/\/cape.fi\/wp-content\/uploads\/2021\/08\/header_2.jpg\" \/>\n\t<meta property=\"og:image:width\" content=\"1920\" \/>\n\t<meta property=\"og:image:height\" content=\"600\" \/>\n\t<meta property=\"og:image:type\" content=\"image\/jpeg\" \/>\n<meta name=\"twitter:card\" content=\"summary_large_image\" \/>\n<meta name=\"twitter:label1\" content=\"Arvioitu lukuaika\" \/>\n\t<meta name=\"twitter:data1\" content=\"5 minuuttia\" \/>\n<script type=\"application\/ld+json\" class=\"yoast-schema-graph\">{\"@context\":\"https:\\\/\\\/schema.org\",\"@graph\":[{\"@type\":\"WebPage\",\"@id\":\"https:\\\/\\\/cape.fi\\\/fi\\\/tiimimme\\\/\",\"url\":\"https:\\\/\\\/cape.fi\\\/fi\\\/tiimimme\\\/\",\"name\":\"Tiimimme - Cape Economy\",\"isPartOf\":{\"@id\":\"https:\\\/\\\/cape.fi\\\/fi\\\/#website\"},\"primaryImageOfPage\":{\"@id\":\"https:\\\/\\\/cape.fi\\\/fi\\\/tiimimme\\\/#primaryimage\"},\"image\":{\"@id\":\"https:\\\/\\\/cape.fi\\\/fi\\\/tiimimme\\\/#primaryimage\"},\"thumbnailUrl\":\"https:\\\/\\\/cape.fi\\\/wp-content\\\/uploads\\\/2021\\\/08\\\/header_2.jpg\",\"datePublished\":\"2021-07-29T12:15:02+00:00\",\"dateModified\":\"2026-03-03T09:53:50+00:00\",\"breadcrumb\":{\"@id\":\"https:\\\/\\\/cape.fi\\\/fi\\\/tiimimme\\\/#breadcrumb\"},\"inLanguage\":\"fi\",\"potentialAction\":[{\"@type\":\"ReadAction\",\"target\":[\"https:\\\/\\\/cape.fi\\\/fi\\\/tiimimme\\\/\"]}]},{\"@type\":\"ImageObject\",\"inLanguage\":\"fi\",\"@id\":\"https:\\\/\\\/cape.fi\\\/fi\\\/tiimimme\\\/#primaryimage\",\"url\":\"https:\\\/\\\/cape.fi\\\/wp-content\\\/uploads\\\/2021\\\/08\\\/header_2.jpg\",\"contentUrl\":\"https:\\\/\\\/cape.fi\\\/wp-content\\\/uploads\\\/2021\\\/08\\\/header_2.jpg\",\"width\":1920,\"height\":600},{\"@type\":\"BreadcrumbList\",\"@id\":\"https:\\\/\\\/cape.fi\\\/fi\\\/tiimimme\\\/#breadcrumb\",\"itemListElement\":[{\"@type\":\"ListItem\",\"position\":1,\"name\":\"Home\",\"item\":\"https:\\\/\\\/cape.fi\\\/fi\\\/\"},{\"@type\":\"ListItem\",\"position\":2,\"name\":\"Tiimimme\"}]},{\"@type\":\"WebSite\",\"@id\":\"https:\\\/\\\/cape.fi\\\/fi\\\/#website\",\"url\":\"https:\\\/\\\/cape.fi\\\/fi\\\/\",\"name\":\"Cape Economy\",\"description\":\"V\u00e4lkommen till Cape Economy\",\"publisher\":{\"@id\":\"https:\\\/\\\/cape.fi\\\/fi\\\/#organization\"},\"potentialAction\":[{\"@type\":\"SearchAction\",\"target\":{\"@type\":\"EntryPoint\",\"urlTemplate\":\"https:\\\/\\\/cape.fi\\\/fi\\\/?s={search_term_string}\"},\"query-input\":{\"@type\":\"PropertyValueSpecification\",\"valueRequired\":true,\"valueName\":\"search_term_string\"}}],\"inLanguage\":\"fi\"},{\"@type\":\"Organization\",\"@id\":\"https:\\\/\\\/cape.fi\\\/fi\\\/#organization\",\"name\":\"Cape Economy Oy Ab\",\"url\":\"https:\\\/\\\/cape.fi\\\/fi\\\/\",\"logo\":{\"@type\":\"ImageObject\",\"inLanguage\":\"fi\",\"@id\":\"https:\\\/\\\/cape.fi\\\/fi\\\/#\\\/schema\\\/logo\\\/image\\\/\",\"url\":\"https:\\\/\\\/cape.fi\\\/wp-content\\\/uploads\\\/2020\\\/12\\\/cape_stor.png\",\"contentUrl\":\"https:\\\/\\\/cape.fi\\\/wp-content\\\/uploads\\\/2020\\\/12\\\/cape_stor.png\",\"width\":500,\"height\":223,\"caption\":\"Cape Economy Oy Ab\"},\"image\":{\"@id\":\"https:\\\/\\\/cape.fi\\\/fi\\\/#\\\/schema\\\/logo\\\/image\\\/\"}}]}<\/script>\n<!-- \/ Yoast SEO plugin. -->","yoast_head_json":{"title":"Tiimimme - Cape Economy","robots":{"index":"index","follow":"follow","max-snippet":"max-snippet:-1","max-image-preview":"max-image-preview:large","max-video-preview":"max-video-preview:-1"},"canonical":"https:\/\/cape.fi\/fi\/tiimimme\/","og_locale":"fi_FI","og_type":"article","og_title":"Tiimimme - Cape Economy","og_description":"Tiimiss\u00e4mme yhdistyv\u00e4t kokeneet taloushallinnon osaajat ja uudelleenajattelevat nuoret voimat. Yll\u00e4pid\u00e4mme jatkuvasti osaamistamme koulutuksilla. Palvelemme asiakkaitamme ruotsiksi, suomeksi ja englanniksi.. Yhteisty\u00f6 Hyv\u00e4t suhteet ovat voittamaton konsepti! Yhteisty\u00f6kumppaneidemme verkko koostuu lakimiehist\u00e4, tilintarkastajistaContinue readingTiimimme","og_url":"https:\/\/cape.fi\/fi\/tiimimme\/","og_site_name":"Cape Economy","article_modified_time":"2026-03-03T09:53:50+00:00","og_image":[{"width":1920,"height":600,"url":"https:\/\/cape.fi\/wp-content\/uploads\/2021\/08\/header_2.jpg","type":"image\/jpeg"}],"twitter_card":"summary_large_image","twitter_misc":{"Arvioitu lukuaika":"5 minuuttia"},"schema":{"@context":"https:\/\/schema.org","@graph":[{"@type":"WebPage","@id":"https:\/\/cape.fi\/fi\/tiimimme\/","url":"https:\/\/cape.fi\/fi\/tiimimme\/","name":"Tiimimme - Cape Economy","isPartOf":{"@id":"https:\/\/cape.fi\/fi\/#website"},"primaryImageOfPage":{"@id":"https:\/\/cape.fi\/fi\/tiimimme\/#primaryimage"},"image":{"@id":"https:\/\/cape.fi\/fi\/tiimimme\/#primaryimage"},"thumbnailUrl":"https:\/\/cape.fi\/wp-content\/uploads\/2021\/08\/header_2.jpg","datePublished":"2021-07-29T12:15:02+00:00","dateModified":"2026-03-03T09:53:50+00:00","breadcrumb":{"@id":"https:\/\/cape.fi\/fi\/tiimimme\/#breadcrumb"},"inLanguage":"fi","potentialAction":[{"@type":"ReadAction","target":["https:\/\/cape.fi\/fi\/tiimimme\/"]}]},{"@type":"ImageObject","inLanguage":"fi","@id":"https:\/\/cape.fi\/fi\/tiimimme\/#primaryimage","url":"https:\/\/cape.fi\/wp-content\/uploads\/2021\/08\/header_2.jpg","contentUrl":"https:\/\/cape.fi\/wp-content\/uploads\/2021\/08\/header_2.jpg","width":1920,"height":600},{"@type":"BreadcrumbList","@id":"https:\/\/cape.fi\/fi\/tiimimme\/#breadcrumb","itemListElement":[{"@type":"ListItem","position":1,"name":"Home","item":"https:\/\/cape.fi\/fi\/"},{"@type":"ListItem","position":2,"name":"Tiimimme"}]},{"@type":"WebSite","@id":"https:\/\/cape.fi\/fi\/#website","url":"https:\/\/cape.fi\/fi\/","name":"Cape Economy","description":"V\u00e4lkommen till Cape Economy","publisher":{"@id":"https:\/\/cape.fi\/fi\/#organization"},"potentialAction":[{"@type":"SearchAction","target":{"@type":"EntryPoint","urlTemplate":"https:\/\/cape.fi\/fi\/?s={search_term_string}"},"query-input":{"@type":"PropertyValueSpecification","valueRequired":true,"valueName":"search_term_string"}}],"inLanguage":"fi"},{"@type":"Organization","@id":"https:\/\/cape.fi\/fi\/#organization","name":"Cape Economy Oy Ab","url":"https:\/\/cape.fi\/fi\/","logo":{"@type":"ImageObject","inLanguage":"fi","@id":"https:\/\/cape.fi\/fi\/#\/schema\/logo\/image\/","url":"https:\/\/cape.fi\/wp-content\/uploads\/2020\/12\/cape_stor.png","contentUrl":"https:\/\/cape.fi\/wp-content\/uploads\/2020\/12\/cape_stor.png","width":500,"height":223,"caption":"Cape Economy Oy Ab"},"image":{"@id":"https:\/\/cape.fi\/fi\/#\/schema\/logo\/image\/"}}]}},"_links":{"self":[{"href":"https:\/\/cape.fi\/fi\/wp-json\/wp\/v2\/pages\/392","targetHints":{"allow":["GET"]}}],"collection":[{"href":"https:\/\/cape.fi\/fi\/wp-json\/wp\/v2\/pages"}],"about":[{"href":"https:\/\/cape.fi\/fi\/wp-json\/wp\/v2\/types\/page"}],"author":[{"embeddable":true,"href":"https:\/\/cape.fi\/fi\/wp-json\/wp\/v2\/users\/1"}],"replies":[{"embeddable":true,"href":"https:\/\/cape.fi\/fi\/wp-json\/wp\/v2\/comments?post=392"}],"version-history":[{"count":20,"href":"https:\/\/cape.fi\/fi\/wp-json\/wp\/v2\/pages\/392\/revisions"}],"predecessor-version":[{"id":1122,"href":"https:\/\/cape.fi\/fi\/wp-json\/wp\/v2\/pages\/392\/revisions\/1122"}],"wp:featuredmedia":[{"embeddable":true,"href":"https:\/\/cape.fi\/fi\/wp-json\/wp\/v2\/media\/715"}],"wp:attachment":[{"href":"https:\/\/cape.fi\/fi\/wp-json\/wp\/v2\/media?parent=392"}],"curies":[{"name":"wp","href":"https:\/\/api.w.org\/{rel}","templated":true}]}}