{"id":390,"date":"2021-07-29T14:39:04","date_gmt":"2021-07-29T11:39:04","guid":{"rendered":"https:\/\/cape.fi\/?page_id=390"},"modified":"2022-03-03T09:19:29","modified_gmt":"2022-03-03T07:19:29","slug":"palvelumme","status":"publish","type":"page","link":"https:\/\/cape.fi\/fi\/palvelumme\/","title":{"rendered":"Palvelumme"},"content":{"rendered":"\n<p>Cape Economyssa tarjoamme palveluitamme niin pienille kuin isoillekin yrityksille. Tarjoamme palvelupaketteja kiinte\u00e4\u00e4n hintaan. Jos palvelujen tarve on suurempi, r\u00e4\u00e4t\u00e4l\u00f6imme yksil\u00f6llisen palvelupaketin.&nbsp;<\/p>\n\n\n\n<p>Autamme ja neuvomme yritt\u00e4jyyden eri vaiheissa. Onko aika investoida vai pit\u00e4isik\u00f6 odottaa? Tarvitseeko yrityksen luottoa kasvattaa vai voiko maksuvalmiutta parantaa muulla tavalla? Miten voitte kasvattaa voittoa? Onko yrityksen hinnoittelu oikealla tasolla? N\u00e4iss\u00e4 kysymyksiss\u00e4 autamme sinua. Kokoamme raportteja, jotka auttavat teit\u00e4 tekem\u00e4\u00e4n parempia ja hyvin suunniteltuja p\u00e4\u00e4t\u00f6ksi\u00e4 juuri teid\u00e4n yritystoimintanne tarpeen mukaan.<\/p>\n\n\n\n<h4 class=\"wp-block-heading\">Taloushallintopalvelut<\/h4>\n\n\n\n<p>Hoidamme kirjanpitonne ja varmistamme, ett\u00e4 saatte ajantasaista tietoa yrityksenne taloudesta. Huolimatta siit\u00e4, aiotteko perustaa uuden yrityksen tai tyt\u00e4ryhti\u00f6n konserniraportoinnilla, on meill\u00e4 palvelupaketti, joka sopii juuri teille. Teid\u00e4n taloushallinnostanne vastaa yksi meid\u00e4n taloushallinnon asiantuntijoistamme.<\/p>\n\n\n\n<h4 class=\"wp-block-heading\">Ennakoiva talousneuvonta<\/h4>\n\n\n\n<p>Oikeiden tietojen saatavuus on ratkaiseva tekij\u00e4 menestyksen kasvussa. Meill\u00e4 on osaamista mm. liiketoiminnan kehityksest\u00e4, budjetoinnista ja verokysymyksist\u00e4. Ty\u00f6skentelemme ennakoivasti, jotta voitte saavuttaa tavoitteenne.<\/p>\n\n\n\n<h4 class=\"wp-block-heading\">Palkkahallinto<\/h4>\n\n\n\n<p>Hoidamme yrityksenne palkkahallinnon ja varmistamme, ett\u00e4 se on sovellettavien ty\u00f6ehtosopimusten ja voimassa olevan lains\u00e4\u00e4d\u00e4nn\u00f6n mukainen. Teid\u00e4n palkkahallinnostanne vastaa yksi meid\u00e4n palkkahallintomme asiantuntijoista.<\/p>\n\n\n\n<h4 class=\"wp-block-heading\">Henkil\u00f6st\u00f6johtaminen<\/h4>\n\n\n\n<p>Yrityksen henkil\u00f6st\u00f6\u00f6n liittyy monia kysymyksi\u00e4 ja tilanteita. Palkkahallinnon asiantuntijamme auttavat teit\u00e4 henkil\u00f6st\u00f6hallinnon eri vaiheissa.<\/p>\n\n\n\n<h4 class=\"wp-block-heading\">Netvisor tarjouslaskin<\/h4>\n\n\n\n<p>Tarkista mik\u00e4 Netvisor-paketti sopisi juuri sinun yrityksellesi: <a href=\"https:\/\/hinta.netvisor.fi\/\">https:\/\/hinta.netvisor.fi\/<\/a><\/p>\n","protected":false},"excerpt":{"rendered":"<p>Cape Economyssa tarjoamme palveluitamme niin pienille kuin isoillekin yrityksille. Tarjoamme palvelupaketteja kiinte\u00e4\u00e4n hintaan. Jos palvelujen tarve on suurempi, r\u00e4\u00e4t\u00e4l\u00f6imme yksil\u00f6llisen palvelupaketin.&nbsp; Autamme ja neuvomme yritt\u00e4jyyden eri vaiheissa. Onko aika investoida<span class=\"more-button\"><a href=\"https:\/\/cape.fi\/fi\/palvelumme\/\" class=\"more-link\">Continue reading<span class=\"screen-reader-text\">Palvelumme<\/span><\/a><\/span><\/p>\n","protected":false},"author":1,"featured_media":715,"parent":0,"menu_order":0,"comment_status":"closed","ping_status":"closed","template":"templates\/no-sidebar.php","meta":{"footnotes":""},"class_list":["post-390","page","type-page","status-publish","has-post-thumbnail","hentry"],"yoast_head":"<!-- This site is optimized with the Yoast SEO plugin v27.4 - https:\/\/yoast.com\/product\/yoast-seo-wordpress\/ -->\n<title>Palvelumme - Cape Economy<\/title>\n<meta name=\"robots\" content=\"index, follow, max-snippet:-1, max-image-preview:large, max-video-preview:-1\" \/>\n<link rel=\"canonical\" href=\"https:\/\/cape.fi\/fi\/palvelumme\/\" \/>\n<meta property=\"og:locale\" content=\"fi_FI\" \/>\n<meta property=\"og:type\" content=\"article\" \/>\n<meta property=\"og:title\" content=\"Palvelumme - Cape Economy\" \/>\n<meta property=\"og:description\" content=\"Cape Economyssa tarjoamme palveluitamme niin pienille kuin isoillekin yrityksille. Tarjoamme palvelupaketteja kiinte\u00e4\u00e4n hintaan. Jos palvelujen tarve on suurempi, r\u00e4\u00e4t\u00e4l\u00f6imme yksil\u00f6llisen palvelupaketin.&nbsp; Autamme ja neuvomme yritt\u00e4jyyden eri vaiheissa. Onko aika investoidaContinue readingPalvelumme\" \/>\n<meta property=\"og:url\" content=\"https:\/\/cape.fi\/fi\/palvelumme\/\" \/>\n<meta property=\"og:site_name\" content=\"Cape Economy\" \/>\n<meta property=\"article:modified_time\" content=\"2022-03-03T07:19:29+00:00\" \/>\n<meta property=\"og:image\" content=\"https:\/\/cape.fi\/wp-content\/uploads\/2021\/08\/header_2.jpg\" \/>\n\t<meta property=\"og:image:width\" content=\"1920\" \/>\n\t<meta property=\"og:image:height\" content=\"600\" \/>\n\t<meta property=\"og:image:type\" content=\"image\/jpeg\" \/>\n<meta name=\"twitter:card\" content=\"summary_large_image\" \/>\n<meta name=\"twitter:label1\" content=\"Arvioitu lukuaika\" \/>\n\t<meta name=\"twitter:data1\" content=\"1 minuutti\" \/>\n<script type=\"application\/ld+json\" class=\"yoast-schema-graph\">{\"@context\":\"https:\\\/\\\/schema.org\",\"@graph\":[{\"@type\":\"WebPage\",\"@id\":\"https:\\\/\\\/cape.fi\\\/fi\\\/palvelumme\\\/\",\"url\":\"https:\\\/\\\/cape.fi\\\/fi\\\/palvelumme\\\/\",\"name\":\"Palvelumme - Cape Economy\",\"isPartOf\":{\"@id\":\"https:\\\/\\\/cape.fi\\\/fi\\\/#website\"},\"primaryImageOfPage\":{\"@id\":\"https:\\\/\\\/cape.fi\\\/fi\\\/palvelumme\\\/#primaryimage\"},\"image\":{\"@id\":\"https:\\\/\\\/cape.fi\\\/fi\\\/palvelumme\\\/#primaryimage\"},\"thumbnailUrl\":\"https:\\\/\\\/cape.fi\\\/wp-content\\\/uploads\\\/2021\\\/08\\\/header_2.jpg\",\"datePublished\":\"2021-07-29T11:39:04+00:00\",\"dateModified\":\"2022-03-03T07:19:29+00:00\",\"breadcrumb\":{\"@id\":\"https:\\\/\\\/cape.fi\\\/fi\\\/palvelumme\\\/#breadcrumb\"},\"inLanguage\":\"fi\",\"potentialAction\":[{\"@type\":\"ReadAction\",\"target\":[\"https:\\\/\\\/cape.fi\\\/fi\\\/palvelumme\\\/\"]}]},{\"@type\":\"ImageObject\",\"inLanguage\":\"fi\",\"@id\":\"https:\\\/\\\/cape.fi\\\/fi\\\/palvelumme\\\/#primaryimage\",\"url\":\"https:\\\/\\\/cape.fi\\\/wp-content\\\/uploads\\\/2021\\\/08\\\/header_2.jpg\",\"contentUrl\":\"https:\\\/\\\/cape.fi\\\/wp-content\\\/uploads\\\/2021\\\/08\\\/header_2.jpg\",\"width\":1920,\"height\":600},{\"@type\":\"BreadcrumbList\",\"@id\":\"https:\\\/\\\/cape.fi\\\/fi\\\/palvelumme\\\/#breadcrumb\",\"itemListElement\":[{\"@type\":\"ListItem\",\"position\":1,\"name\":\"Home\",\"item\":\"https:\\\/\\\/cape.fi\\\/fi\\\/\"},{\"@type\":\"ListItem\",\"position\":2,\"name\":\"Palvelumme\"}]},{\"@type\":\"WebSite\",\"@id\":\"https:\\\/\\\/cape.fi\\\/fi\\\/#website\",\"url\":\"https:\\\/\\\/cape.fi\\\/fi\\\/\",\"name\":\"Cape Economy\",\"description\":\"V\u00e4lkommen till Cape Economy\",\"publisher\":{\"@id\":\"https:\\\/\\\/cape.fi\\\/fi\\\/#organization\"},\"potentialAction\":[{\"@type\":\"SearchAction\",\"target\":{\"@type\":\"EntryPoint\",\"urlTemplate\":\"https:\\\/\\\/cape.fi\\\/fi\\\/?s={search_term_string}\"},\"query-input\":{\"@type\":\"PropertyValueSpecification\",\"valueRequired\":true,\"valueName\":\"search_term_string\"}}],\"inLanguage\":\"fi\"},{\"@type\":\"Organization\",\"@id\":\"https:\\\/\\\/cape.fi\\\/fi\\\/#organization\",\"name\":\"Cape Economy Oy Ab\",\"url\":\"https:\\\/\\\/cape.fi\\\/fi\\\/\",\"logo\":{\"@type\":\"ImageObject\",\"inLanguage\":\"fi\",\"@id\":\"https:\\\/\\\/cape.fi\\\/fi\\\/#\\\/schema\\\/logo\\\/image\\\/\",\"url\":\"https:\\\/\\\/cape.fi\\\/wp-content\\\/uploads\\\/2020\\\/12\\\/cape_stor.png\",\"contentUrl\":\"https:\\\/\\\/cape.fi\\\/wp-content\\\/uploads\\\/2020\\\/12\\\/cape_stor.png\",\"width\":500,\"height\":223,\"caption\":\"Cape Economy Oy Ab\"},\"image\":{\"@id\":\"https:\\\/\\\/cape.fi\\\/fi\\\/#\\\/schema\\\/logo\\\/image\\\/\"}}]}<\/script>\n<!-- \/ Yoast SEO plugin. -->","yoast_head_json":{"title":"Palvelumme - Cape Economy","robots":{"index":"index","follow":"follow","max-snippet":"max-snippet:-1","max-image-preview":"max-image-preview:large","max-video-preview":"max-video-preview:-1"},"canonical":"https:\/\/cape.fi\/fi\/palvelumme\/","og_locale":"fi_FI","og_type":"article","og_title":"Palvelumme - Cape Economy","og_description":"Cape Economyssa tarjoamme palveluitamme niin pienille kuin isoillekin yrityksille. Tarjoamme palvelupaketteja kiinte\u00e4\u00e4n hintaan. Jos palvelujen tarve on suurempi, r\u00e4\u00e4t\u00e4l\u00f6imme yksil\u00f6llisen palvelupaketin.&nbsp; Autamme ja neuvomme yritt\u00e4jyyden eri vaiheissa. Onko aika investoidaContinue readingPalvelumme","og_url":"https:\/\/cape.fi\/fi\/palvelumme\/","og_site_name":"Cape Economy","article_modified_time":"2022-03-03T07:19:29+00:00","og_image":[{"width":1920,"height":600,"url":"https:\/\/cape.fi\/wp-content\/uploads\/2021\/08\/header_2.jpg","type":"image\/jpeg"}],"twitter_card":"summary_large_image","twitter_misc":{"Arvioitu lukuaika":"1 minuutti"},"schema":{"@context":"https:\/\/schema.org","@graph":[{"@type":"WebPage","@id":"https:\/\/cape.fi\/fi\/palvelumme\/","url":"https:\/\/cape.fi\/fi\/palvelumme\/","name":"Palvelumme - Cape Economy","isPartOf":{"@id":"https:\/\/cape.fi\/fi\/#website"},"primaryImageOfPage":{"@id":"https:\/\/cape.fi\/fi\/palvelumme\/#primaryimage"},"image":{"@id":"https:\/\/cape.fi\/fi\/palvelumme\/#primaryimage"},"thumbnailUrl":"https:\/\/cape.fi\/wp-content\/uploads\/2021\/08\/header_2.jpg","datePublished":"2021-07-29T11:39:04+00:00","dateModified":"2022-03-03T07:19:29+00:00","breadcrumb":{"@id":"https:\/\/cape.fi\/fi\/palvelumme\/#breadcrumb"},"inLanguage":"fi","potentialAction":[{"@type":"ReadAction","target":["https:\/\/cape.fi\/fi\/palvelumme\/"]}]},{"@type":"ImageObject","inLanguage":"fi","@id":"https:\/\/cape.fi\/fi\/palvelumme\/#primaryimage","url":"https:\/\/cape.fi\/wp-content\/uploads\/2021\/08\/header_2.jpg","contentUrl":"https:\/\/cape.fi\/wp-content\/uploads\/2021\/08\/header_2.jpg","width":1920,"height":600},{"@type":"BreadcrumbList","@id":"https:\/\/cape.fi\/fi\/palvelumme\/#breadcrumb","itemListElement":[{"@type":"ListItem","position":1,"name":"Home","item":"https:\/\/cape.fi\/fi\/"},{"@type":"ListItem","position":2,"name":"Palvelumme"}]},{"@type":"WebSite","@id":"https:\/\/cape.fi\/fi\/#website","url":"https:\/\/cape.fi\/fi\/","name":"Cape Economy","description":"V\u00e4lkommen till Cape Economy","publisher":{"@id":"https:\/\/cape.fi\/fi\/#organization"},"potentialAction":[{"@type":"SearchAction","target":{"@type":"EntryPoint","urlTemplate":"https:\/\/cape.fi\/fi\/?s={search_term_string}"},"query-input":{"@type":"PropertyValueSpecification","valueRequired":true,"valueName":"search_term_string"}}],"inLanguage":"fi"},{"@type":"Organization","@id":"https:\/\/cape.fi\/fi\/#organization","name":"Cape Economy Oy Ab","url":"https:\/\/cape.fi\/fi\/","logo":{"@type":"ImageObject","inLanguage":"fi","@id":"https:\/\/cape.fi\/fi\/#\/schema\/logo\/image\/","url":"https:\/\/cape.fi\/wp-content\/uploads\/2020\/12\/cape_stor.png","contentUrl":"https:\/\/cape.fi\/wp-content\/uploads\/2020\/12\/cape_stor.png","width":500,"height":223,"caption":"Cape Economy Oy Ab"},"image":{"@id":"https:\/\/cape.fi\/fi\/#\/schema\/logo\/image\/"}}]}},"_links":{"self":[{"href":"https:\/\/cape.fi\/fi\/wp-json\/wp\/v2\/pages\/390","targetHints":{"allow":["GET"]}}],"collection":[{"href":"https:\/\/cape.fi\/fi\/wp-json\/wp\/v2\/pages"}],"about":[{"href":"https:\/\/cape.fi\/fi\/wp-json\/wp\/v2\/types\/page"}],"author":[{"embeddable":true,"href":"https:\/\/cape.fi\/fi\/wp-json\/wp\/v2\/users\/1"}],"replies":[{"embeddable":true,"href":"https:\/\/cape.fi\/fi\/wp-json\/wp\/v2\/comments?post=390"}],"version-history":[{"count":3,"href":"https:\/\/cape.fi\/fi\/wp-json\/wp\/v2\/pages\/390\/revisions"}],"predecessor-version":[{"id":714,"href":"https:\/\/cape.fi\/fi\/wp-json\/wp\/v2\/pages\/390\/revisions\/714"}],"wp:featuredmedia":[{"embeddable":true,"href":"https:\/\/cape.fi\/fi\/wp-json\/wp\/v2\/media\/715"}],"wp:attachment":[{"href":"https:\/\/cape.fi\/fi\/wp-json\/wp\/v2\/media?parent=390"}],"curies":[{"name":"wp","href":"https:\/\/api.w.org\/{rel}","templated":true}]}}