{"id":382,"date":"2021-07-29T14:25:35","date_gmt":"2021-07-29T11:25:35","guid":{"rendered":"https:\/\/cape.fi\/?page_id=382"},"modified":"2022-03-03T09:18:39","modified_gmt":"2022-03-03T07:18:39","slug":"meista","status":"publish","type":"page","link":"https:\/\/cape.fi\/fi\/meista\/","title":{"rendered":"Meist\u00e4"},"content":{"rendered":"\n<div class=\"wp-block-image\"><figure class=\"aligncenter size-full\"><img loading=\"lazy\" decoding=\"async\" width=\"500\" height=\"223\" src=\"https:\/\/cape.fi\/wp-content\/uploads\/2020\/12\/cape_stor.png\" alt=\"\" class=\"wp-image-366\" srcset=\"https:\/\/cape.fi\/wp-content\/uploads\/2020\/12\/cape_stor.png 500w, https:\/\/cape.fi\/wp-content\/uploads\/2020\/12\/cape_stor-300x134.png 300w\" sizes=\"auto, (max-width: 500px) 100vw, 500px\" \/><\/figure><\/div>\n\n\n\n<h4 class=\"wp-block-heading\">T\u00e4m\u00e4 on Cape Economy<\/h4>\n\n\n\n<p>Cape Economy on taloushallinnon asiantuntija, joka tarjoaa asiakkailleen kokonaisvaltaista s\u00e4hk\u00f6ist\u00e4 taloushallintoa ja liiketoiminnan kehitt\u00e4miseen \u00e4lykk\u00e4\u00e4mpi\u00e4, nopeampia ja tehokkaampia palveluita. Olemme onnistuneet t\u00e4ss\u00e4 jo vuodesta 2012.<\/p>\n\n\n\n<p>Konttorimme sijaitsee Karjaalla Raaseporissa, mutta s\u00e4hk\u00f6isen taloushallinnon avulla voimme tarjota palveluita asiakkaan kotipaikkakunnasta huolimatta. Olemme yhdess\u00e4 rakentaneet kulttuurin\/toimintatavan, joka perustuu yhteisty\u00f6h\u00f6n ja sitoutumiseen asiakkaisiimme.<\/p>\n\n\n\n<p>Pyrimme olemaan asiakkaidemme tuki ja neuvonantaja. Haluamme olla pitk\u00e4ik\u00e4inen yhteisty\u00f6kumppani, joka osallistuu parantamaan tehokkuutta ja kannattavuutta. Keskin\u00e4isen luottamuksen ja avoimen viestinn\u00e4n avulla rakennamme pitk\u00e4aikaisia asiakassuhteita.<\/p>\n\n\n\n<p>Olemme auktorisoitu tilitoimisto ja j\u00e4senen\u00e4 Suomen Taloushallintoliitto ry:ss\u00e4.<\/p>\n\n\n\n<figure class=\"wp-block-image size-full\"><img loading=\"lazy\" decoding=\"async\" width=\"500\" height=\"89\" src=\"https:\/\/cape.fi\/wp-content\/uploads\/2021\/07\/THL-1.png\" alt=\"Taloushallintoliiton j\u00e4sen\" class=\"wp-image-387\" srcset=\"https:\/\/cape.fi\/wp-content\/uploads\/2021\/07\/THL-1.png 500w, https:\/\/cape.fi\/wp-content\/uploads\/2021\/07\/THL-1-300x53.png 300w\" sizes=\"auto, (max-width: 500px) 100vw, 500px\" \/><\/figure>\n","protected":false},"excerpt":{"rendered":"<p>T\u00e4m\u00e4 on Cape Economy Cape Economy on taloushallinnon asiantuntija, joka tarjoaa asiakkailleen kokonaisvaltaista s\u00e4hk\u00f6ist\u00e4 taloushallintoa ja liiketoiminnan kehitt\u00e4miseen \u00e4lykk\u00e4\u00e4mpi\u00e4, nopeampia ja tehokkaampia palveluita. Olemme onnistuneet t\u00e4ss\u00e4 jo vuodesta 2012. Konttorimme<span class=\"more-button\"><a href=\"https:\/\/cape.fi\/fi\/meista\/\" class=\"more-link\">Continue reading<span class=\"screen-reader-text\">Meist\u00e4<\/span><\/a><\/span><\/p>\n","protected":false},"author":1,"featured_media":715,"parent":0,"menu_order":0,"comment_status":"closed","ping_status":"closed","template":"templates\/no-sidebar.php","meta":{"footnotes":""},"class_list":["post-382","page","type-page","status-publish","has-post-thumbnail","hentry"],"yoast_head":"<!-- This site is optimized with the Yoast SEO plugin v27.4 - https:\/\/yoast.com\/product\/yoast-seo-wordpress\/ -->\n<title>Meist\u00e4 - Cape Economy<\/title>\n<meta name=\"robots\" content=\"index, follow, max-snippet:-1, max-image-preview:large, max-video-preview:-1\" \/>\n<link rel=\"canonical\" href=\"https:\/\/cape.fi\/fi\/meista\/\" \/>\n<meta property=\"og:locale\" content=\"fi_FI\" \/>\n<meta property=\"og:type\" content=\"article\" \/>\n<meta property=\"og:title\" content=\"Meist\u00e4 - Cape Economy\" \/>\n<meta property=\"og:description\" content=\"T\u00e4m\u00e4 on Cape Economy Cape Economy on taloushallinnon asiantuntija, joka tarjoaa asiakkailleen kokonaisvaltaista s\u00e4hk\u00f6ist\u00e4 taloushallintoa ja liiketoiminnan kehitt\u00e4miseen \u00e4lykk\u00e4\u00e4mpi\u00e4, nopeampia ja tehokkaampia palveluita. Olemme onnistuneet t\u00e4ss\u00e4 jo vuodesta 2012. KonttorimmeContinue readingMeist\u00e4\" \/>\n<meta property=\"og:url\" content=\"https:\/\/cape.fi\/fi\/meista\/\" \/>\n<meta property=\"og:site_name\" content=\"Cape Economy\" \/>\n<meta property=\"article:modified_time\" content=\"2022-03-03T07:18:39+00:00\" \/>\n<meta property=\"og:image\" content=\"https:\/\/cape.fi\/wp-content\/uploads\/2021\/08\/header_2.jpg\" \/>\n\t<meta property=\"og:image:width\" content=\"1920\" \/>\n\t<meta property=\"og:image:height\" content=\"600\" \/>\n\t<meta property=\"og:image:type\" content=\"image\/jpeg\" \/>\n<meta name=\"twitter:card\" content=\"summary_large_image\" \/>\n<meta name=\"twitter:label1\" content=\"Arvioitu lukuaika\" \/>\n\t<meta name=\"twitter:data1\" content=\"1 minuutti\" \/>\n<script type=\"application\/ld+json\" class=\"yoast-schema-graph\">{\"@context\":\"https:\\\/\\\/schema.org\",\"@graph\":[{\"@type\":\"WebPage\",\"@id\":\"https:\\\/\\\/cape.fi\\\/fi\\\/meista\\\/\",\"url\":\"https:\\\/\\\/cape.fi\\\/fi\\\/meista\\\/\",\"name\":\"Meist\u00e4 - Cape Economy\",\"isPartOf\":{\"@id\":\"https:\\\/\\\/cape.fi\\\/fi\\\/#website\"},\"primaryImageOfPage\":{\"@id\":\"https:\\\/\\\/cape.fi\\\/fi\\\/meista\\\/#primaryimage\"},\"image\":{\"@id\":\"https:\\\/\\\/cape.fi\\\/fi\\\/meista\\\/#primaryimage\"},\"thumbnailUrl\":\"https:\\\/\\\/cape.fi\\\/wp-content\\\/uploads\\\/2021\\\/08\\\/header_2.jpg\",\"datePublished\":\"2021-07-29T11:25:35+00:00\",\"dateModified\":\"2022-03-03T07:18:39+00:00\",\"breadcrumb\":{\"@id\":\"https:\\\/\\\/cape.fi\\\/fi\\\/meista\\\/#breadcrumb\"},\"inLanguage\":\"fi\",\"potentialAction\":[{\"@type\":\"ReadAction\",\"target\":[\"https:\\\/\\\/cape.fi\\\/fi\\\/meista\\\/\"]}]},{\"@type\":\"ImageObject\",\"inLanguage\":\"fi\",\"@id\":\"https:\\\/\\\/cape.fi\\\/fi\\\/meista\\\/#primaryimage\",\"url\":\"https:\\\/\\\/cape.fi\\\/wp-content\\\/uploads\\\/2021\\\/08\\\/header_2.jpg\",\"contentUrl\":\"https:\\\/\\\/cape.fi\\\/wp-content\\\/uploads\\\/2021\\\/08\\\/header_2.jpg\",\"width\":1920,\"height\":600},{\"@type\":\"BreadcrumbList\",\"@id\":\"https:\\\/\\\/cape.fi\\\/fi\\\/meista\\\/#breadcrumb\",\"itemListElement\":[{\"@type\":\"ListItem\",\"position\":1,\"name\":\"Home\",\"item\":\"https:\\\/\\\/cape.fi\\\/fi\\\/\"},{\"@type\":\"ListItem\",\"position\":2,\"name\":\"Meist\u00e4\"}]},{\"@type\":\"WebSite\",\"@id\":\"https:\\\/\\\/cape.fi\\\/fi\\\/#website\",\"url\":\"https:\\\/\\\/cape.fi\\\/fi\\\/\",\"name\":\"Cape Economy\",\"description\":\"V\u00e4lkommen till Cape Economy\",\"publisher\":{\"@id\":\"https:\\\/\\\/cape.fi\\\/fi\\\/#organization\"},\"potentialAction\":[{\"@type\":\"SearchAction\",\"target\":{\"@type\":\"EntryPoint\",\"urlTemplate\":\"https:\\\/\\\/cape.fi\\\/fi\\\/?s={search_term_string}\"},\"query-input\":{\"@type\":\"PropertyValueSpecification\",\"valueRequired\":true,\"valueName\":\"search_term_string\"}}],\"inLanguage\":\"fi\"},{\"@type\":\"Organization\",\"@id\":\"https:\\\/\\\/cape.fi\\\/fi\\\/#organization\",\"name\":\"Cape Economy Oy Ab\",\"url\":\"https:\\\/\\\/cape.fi\\\/fi\\\/\",\"logo\":{\"@type\":\"ImageObject\",\"inLanguage\":\"fi\",\"@id\":\"https:\\\/\\\/cape.fi\\\/fi\\\/#\\\/schema\\\/logo\\\/image\\\/\",\"url\":\"https:\\\/\\\/cape.fi\\\/wp-content\\\/uploads\\\/2020\\\/12\\\/cape_stor.png\",\"contentUrl\":\"https:\\\/\\\/cape.fi\\\/wp-content\\\/uploads\\\/2020\\\/12\\\/cape_stor.png\",\"width\":500,\"height\":223,\"caption\":\"Cape Economy Oy Ab\"},\"image\":{\"@id\":\"https:\\\/\\\/cape.fi\\\/fi\\\/#\\\/schema\\\/logo\\\/image\\\/\"}}]}<\/script>\n<!-- \/ Yoast SEO plugin. -->","yoast_head_json":{"title":"Meist\u00e4 - Cape Economy","robots":{"index":"index","follow":"follow","max-snippet":"max-snippet:-1","max-image-preview":"max-image-preview:large","max-video-preview":"max-video-preview:-1"},"canonical":"https:\/\/cape.fi\/fi\/meista\/","og_locale":"fi_FI","og_type":"article","og_title":"Meist\u00e4 - Cape Economy","og_description":"T\u00e4m\u00e4 on Cape Economy Cape Economy on taloushallinnon asiantuntija, joka tarjoaa asiakkailleen kokonaisvaltaista s\u00e4hk\u00f6ist\u00e4 taloushallintoa ja liiketoiminnan kehitt\u00e4miseen \u00e4lykk\u00e4\u00e4mpi\u00e4, nopeampia ja tehokkaampia palveluita. Olemme onnistuneet t\u00e4ss\u00e4 jo vuodesta 2012. KonttorimmeContinue readingMeist\u00e4","og_url":"https:\/\/cape.fi\/fi\/meista\/","og_site_name":"Cape Economy","article_modified_time":"2022-03-03T07:18:39+00:00","og_image":[{"width":1920,"height":600,"url":"https:\/\/cape.fi\/wp-content\/uploads\/2021\/08\/header_2.jpg","type":"image\/jpeg"}],"twitter_card":"summary_large_image","twitter_misc":{"Arvioitu lukuaika":"1 minuutti"},"schema":{"@context":"https:\/\/schema.org","@graph":[{"@type":"WebPage","@id":"https:\/\/cape.fi\/fi\/meista\/","url":"https:\/\/cape.fi\/fi\/meista\/","name":"Meist\u00e4 - Cape Economy","isPartOf":{"@id":"https:\/\/cape.fi\/fi\/#website"},"primaryImageOfPage":{"@id":"https:\/\/cape.fi\/fi\/meista\/#primaryimage"},"image":{"@id":"https:\/\/cape.fi\/fi\/meista\/#primaryimage"},"thumbnailUrl":"https:\/\/cape.fi\/wp-content\/uploads\/2021\/08\/header_2.jpg","datePublished":"2021-07-29T11:25:35+00:00","dateModified":"2022-03-03T07:18:39+00:00","breadcrumb":{"@id":"https:\/\/cape.fi\/fi\/meista\/#breadcrumb"},"inLanguage":"fi","potentialAction":[{"@type":"ReadAction","target":["https:\/\/cape.fi\/fi\/meista\/"]}]},{"@type":"ImageObject","inLanguage":"fi","@id":"https:\/\/cape.fi\/fi\/meista\/#primaryimage","url":"https:\/\/cape.fi\/wp-content\/uploads\/2021\/08\/header_2.jpg","contentUrl":"https:\/\/cape.fi\/wp-content\/uploads\/2021\/08\/header_2.jpg","width":1920,"height":600},{"@type":"BreadcrumbList","@id":"https:\/\/cape.fi\/fi\/meista\/#breadcrumb","itemListElement":[{"@type":"ListItem","position":1,"name":"Home","item":"https:\/\/cape.fi\/fi\/"},{"@type":"ListItem","position":2,"name":"Meist\u00e4"}]},{"@type":"WebSite","@id":"https:\/\/cape.fi\/fi\/#website","url":"https:\/\/cape.fi\/fi\/","name":"Cape Economy","description":"V\u00e4lkommen till Cape Economy","publisher":{"@id":"https:\/\/cape.fi\/fi\/#organization"},"potentialAction":[{"@type":"SearchAction","target":{"@type":"EntryPoint","urlTemplate":"https:\/\/cape.fi\/fi\/?s={search_term_string}"},"query-input":{"@type":"PropertyValueSpecification","valueRequired":true,"valueName":"search_term_string"}}],"inLanguage":"fi"},{"@type":"Organization","@id":"https:\/\/cape.fi\/fi\/#organization","name":"Cape Economy Oy Ab","url":"https:\/\/cape.fi\/fi\/","logo":{"@type":"ImageObject","inLanguage":"fi","@id":"https:\/\/cape.fi\/fi\/#\/schema\/logo\/image\/","url":"https:\/\/cape.fi\/wp-content\/uploads\/2020\/12\/cape_stor.png","contentUrl":"https:\/\/cape.fi\/wp-content\/uploads\/2020\/12\/cape_stor.png","width":500,"height":223,"caption":"Cape Economy Oy Ab"},"image":{"@id":"https:\/\/cape.fi\/fi\/#\/schema\/logo\/image\/"}}]}},"_links":{"self":[{"href":"https:\/\/cape.fi\/fi\/wp-json\/wp\/v2\/pages\/382","targetHints":{"allow":["GET"]}}],"collection":[{"href":"https:\/\/cape.fi\/fi\/wp-json\/wp\/v2\/pages"}],"about":[{"href":"https:\/\/cape.fi\/fi\/wp-json\/wp\/v2\/types\/page"}],"author":[{"embeddable":true,"href":"https:\/\/cape.fi\/fi\/wp-json\/wp\/v2\/users\/1"}],"replies":[{"embeddable":true,"href":"https:\/\/cape.fi\/fi\/wp-json\/wp\/v2\/comments?post=382"}],"version-history":[{"count":5,"href":"https:\/\/cape.fi\/fi\/wp-json\/wp\/v2\/pages\/382\/revisions"}],"predecessor-version":[{"id":570,"href":"https:\/\/cape.fi\/fi\/wp-json\/wp\/v2\/pages\/382\/revisions\/570"}],"wp:featuredmedia":[{"embeddable":true,"href":"https:\/\/cape.fi\/fi\/wp-json\/wp\/v2\/media\/715"}],"wp:attachment":[{"href":"https:\/\/cape.fi\/fi\/wp-json\/wp\/v2\/media?parent=382"}],"curies":[{"name":"wp","href":"https:\/\/api.w.org\/{rel}","templated":true}]}}